{"id":13228,"date":"2019-08-19T18:48:42","date_gmt":"2019-08-19T16:48:42","guid":{"rendered":"http:\/\/www.cerknisko-jezero.si\/kontakti"},"modified":"2019-08-19T18:48:42","modified_gmt":"2019-08-19T16:48:42","slug":"kontakti","status":"publish","type":"page","link":"https:\/\/www.cerknisko-jezero.si\/?page_id=13228","title":{"rendered":"Kontakti"},"content":{"rendered":"<div class=\"art-content-layout\">\n<div class=\"art-content-layout-row\">\n<div class=\"art-layout-cell\" style=\"width: 50%\" >\n<p><span style=\"font-family: Verdana;\"><span style=\"font-family: Verdana; color: rgb(108, 162, 68); font-weight: bold; font-size: 20px;\">KONTAKTI<\/span><\/span><\/p>\n<p><span style=\"font-family: Verdana;\"><span style=\"font-family: Verdana; color: rgb(108, 162, 68); font-weight: bold; font-size: 20px;\"><br \/><\/span><\/span><\/p>\n<p><span style=\"font-size: 16px;\">Turisti\u010dno dru\u0161tvo Cerkni\u0161ko jezero<br \/>Notranjska cesta 42 B<br \/>1380 Cerknica<\/p>\n<p>dav\u010dna \u0161tevilka:&nbsp;<span id=\"ctl00_ctl00_ContentPlaceHolderLeft_ContentMain_CompanyDetailsCommon1_CompanySPLPreview1_labTaxId\">16695461<br \/>mati\u010dna \u0161tevilka:&nbsp;<span id=\"ctl00_ctl00_ContentPlaceHolderLeft_ContentMain_CompanyDetailsCommon1_CompanySPLPreview1_labRegistrationNumber\">4061152000<br \/>zastopnik: Jo\u0161ko Cerkvenik<br \/>TRR:&nbsp;<span id=\"ctl00_ctl00_ContentPlaceHolderLeft_ContentMain_CompanyDetailsCommon1_CompanySPLPreview1_labTRR\">IBAN SI56 0202 9026 0772 380<br \/>(NLB d.d.)<\/p>\n<p>e-mail:&nbsp;info@cerknisko-jezero.si<\/p>\n<p>&nbsp;<a href=\"https:\/\/www.facebook.com\/pages\/Turisti%c4%8dno-dru%c5%a1tvo-Cerkni%c5%a1ko-jezero\/1382939411977379?ref_type=bookmark\" class=\"art-facebook-tag-icon\" style=\"line-height: 32px;\"><\/a>&nbsp;<\/p>\n<p><\/span><\/span><\/span><\/span>\n    <\/div>\n<div class=\"art-layout-cell\" style=\"width: 50%\" >\n<p style=\"text-align: right;\"><img loading=\"lazy\" width=\"300\" height=\"300\" alt=\"\" class=\"art-lightbox\" src=\"http:\/\/www.cerknisko-jezero.si\/wp-content\/uploads\/2019\/08\/Logotip_curves-2.jpg\"><\/p>\n<\/p><\/div>\n<\/p><\/div>\n<\/div>\n","protected":false},"excerpt":{"rendered":"<p>KONTAKTI Turisti\u010dno dru\u0161tvo Cerkni\u0161ko jezeroNotranjska cesta 42 B1380 Cerknica dav\u010dna \u0161tevilka:&nbsp;16695461mati\u010dna \u0161tevilka:&nbsp;4061152000zastopnik: Jo\u0161ko CerkvenikTRR:&nbsp;IBAN SI56 0202 9026 0772 380(NLB d.d.) e-mail:&nbsp;info@cerknisko-jezero.si &nbsp;&nbsp;<\/p>\n","protected":false},"author":1,"featured_media":0,"parent":0,"menu_order":18,"comment_status":"closed","ping_status":"closed","template":"","meta":[],"_links":{"self":[{"href":"https:\/\/www.cerknisko-jezero.si\/index.php?rest_route=\/wp\/v2\/pages\/13228"}],"collection":[{"href":"https:\/\/www.cerknisko-jezero.si\/index.php?rest_route=\/wp\/v2\/pages"}],"about":[{"href":"https:\/\/www.cerknisko-jezero.si\/index.php?rest_route=\/wp\/v2\/types\/page"}],"author":[{"embeddable":true,"href":"https:\/\/www.cerknisko-jezero.si\/index.php?rest_route=\/wp\/v2\/users\/1"}],"replies":[{"embeddable":true,"href":"https:\/\/www.cerknisko-jezero.si\/index.php?rest_route=%2Fwp%2Fv2%2Fcomments&post=13228"}],"version-history":[{"count":0,"href":"https:\/\/www.cerknisko-jezero.si\/index.php?rest_route=\/wp\/v2\/pages\/13228\/revisions"}],"wp:attachment":[{"href":"https:\/\/www.cerknisko-jezero.si\/index.php?rest_route=%2Fwp%2Fv2%2Fmedia&parent=13228"}],"curies":[{"name":"wp","href":"https:\/\/api.w.org\/{rel}","templated":true}]}}