{"id":13226,"date":"2019-08-19T18:48:40","date_gmt":"2019-08-19T16:48:40","guid":{"rendered":"http:\/\/www.cerknisko-jezero.si\/o-drustvu\/pust"},"modified":"2026-01-22T07:31:33","modified_gmt":"2026-01-22T06:31:33","slug":"pust","status":"publish","type":"page","link":"https:\/\/www.cerknisko-jezero.si\/?page_id=13226","title":{"rendered":"Pust"},"content":{"rendered":"\n<h2 class=\"has-text-align-center\"><strong>PUST v CERKNICI <br>Od ponedeljka 9. februarja do srede 18. februarja 2026. <\/strong> <\/h2>\n\n\n\n<p class=\"has-text-align-center has-medium-font-size\">V na\u0161e konce prihajajo najve\u010dji prazniki v letu &#8230; to so pustni prazniki.<br>Za\u010dne se \u017ee v ponedeljek 9. 2. z ogledom dokumentarnega filma &#8220;Od pogreba do karnevala&#8221; in potem nadaljuje vse do srede drugega tedna, ko bomo Pusta pokopali. <br>Mi pa vas \u0161e posebej lepo vabimo v <strong>nedeljo 15. 2.<\/strong> na tradicionalni pustni karneval, kjer vas bomo na cerkni\u0161ki tr\u017enici pri\u010dakali s pustnimi dobrotami. <br>Ve\u010d na <a rel=\"noreferrer noopener\" href=\"http:\/\/www.pust.si\/?fbclid=IwAR0LTYSkcZm9SvHilBvARWN5rY_FJCtVQYiB0VhuWhjXh54m0F9N0whXE88\" target=\"_blank\">www.pust.si.<\/a><\/p>\n\n\n\n<div class=\"wp-block-image\"><figure class=\"aligncenter size-full\"><a href=\"https:\/\/www.cerknisko-jezero.si\/wp-content\/uploads\/2026\/01\/Logotip-2026_page-0001.jpg\"><img loading=\"lazy\" width=\"544\" height=\"544\" src=\"https:\/\/www.cerknisko-jezero.si\/wp-content\/uploads\/2026\/01\/Logotip-2026_page-0001.jpg\" alt=\"\" class=\"wp-image-14035\" srcset=\"https:\/\/www.cerknisko-jezero.si\/wp-content\/uploads\/2026\/01\/Logotip-2026_page-0001.jpg 544w, https:\/\/www.cerknisko-jezero.si\/wp-content\/uploads\/2026\/01\/Logotip-2026_page-0001-300x300.jpg 300w, https:\/\/www.cerknisko-jezero.si\/wp-content\/uploads\/2026\/01\/Logotip-2026_page-0001-150x150.jpg 150w\" sizes=\"(max-width: 544px) 100vw, 544px\" \/><\/a><\/figure><\/div>\n\n\n<div class=\"art-content-layout\">\n<div class=\"art-content-layout-row responsive-layout-row-1\">\n<div class=\"art-layout-cell\" style=\"width: 100%; text-align: center;\"><span style=\"color: #6ca244; font-size: 26px; font-weight: bold;\">PUST v Cerknici, tradicionalni pustni karneval<\/span><p><\/p>\n<p style=\"text-align: center;\"><span style=\"color: #6ca244; font-style: italic; font-size: 20px;\">nedelja, 3. marec 2019, to\u010dno okoli 12:32<\/span><\/p>\n<p style=\"text-align: center;\"><img loading=\"lazy\" class=\"art-lightbox\" style=\"border-style: solid;\" src=\"http:\/\/www.cerknisko-jezero.si\/wp-content\/uploads\/2019\/08\/IMG_20190303_131926.jpg\" alt=\"\" width=\"354\" height=\"354\">&nbsp;<img loading=\"lazy\" class=\"art-lightbox\" style=\"border-style: solid;\" src=\"http:\/\/www.cerknisko-jezero.si\/wp-content\/uploads\/2019\/08\/IMG_20190303_144312.jpg\" alt=\"\" width=\"354\" height=\"354\">&nbsp;<img loading=\"lazy\" class=\"art-lightbox\" style=\"border-style: solid;\" src=\"http:\/\/www.cerknisko-jezero.si\/wp-content\/uploads\/2019\/08\/IMG_20190303_144422.jpg\" alt=\"\" width=\"354\" height=\"354\">&nbsp;<img loading=\"lazy\" class=\"art-lightbox\" style=\"border-style: solid;\" src=\"http:\/\/www.cerknisko-jezero.si\/wp-content\/uploads\/2019\/08\/IMG_20190303_144440.jpg\" alt=\"\" width=\"354\" height=\"354\">&nbsp;<img loading=\"lazy\" class=\"art-lightbox\" style=\"border-style: solid;\" src=\"http:\/\/www.cerknisko-jezero.si\/wp-content\/uploads\/2019\/08\/IMG_20190303_144454.jpg\" alt=\"\" width=\"354\" height=\"354\"><span style=\"color: #6ca244; font-style: italic; font-size: 20px;\"><br><\/span><\/p>\n<p style=\"text-align: center;\"><img loading=\"lazy\" class=\"art-lightbox\" style=\"border-style: solid;\" src=\"http:\/\/www.cerknisko-jezero.si\/wp-content\/uploads\/2019\/08\/Pust.jpg\" alt=\"\" width=\"808\" height=\"1116\"><\/p>\n<p style=\"text-align: center;\"><span style=\"color: #6ca244; font-size: 26px; font-weight: bold;\">PUST v Cerknici, tradicionalni pustni karneval<\/span><\/p>\n<p style=\"text-align: center;\"><span style=\"color: #6ca244; font-style: italic; font-size: 20px;\">nedelja, 11. februar 2018, to\u010dno okoli 12:32<\/span><\/p>\n<p style=\"text-align: center;\"><img loading=\"lazy\" class=\"art-lightbox\" style=\"border-style: solid;\" src=\"http:\/\/www.cerknisko-jezero.si\/wp-content\/uploads\/2019\/08\/IMG_20180211_120136_hdr.jpg\" alt=\"\" width=\"283\" height=\"283\">&nbsp;&nbsp;<img loading=\"lazy\" class=\"art-lightbox\" style=\"border-style: solid;\" src=\"http:\/\/www.cerknisko-jezero.si\/wp-content\/uploads\/2019\/08\/IMG_20180211_121841.jpg\" alt=\"\" width=\"283\" height=\"283\">&nbsp;<img loading=\"lazy\" class=\"art-lightbox\" style=\"border-style: solid;\" src=\"http:\/\/www.cerknisko-jezero.si\/wp-content\/uploads\/2019\/08\/IMG_20180211_133111.jpg\" alt=\"\" width=\"283\" height=\"283\">&nbsp;<img loading=\"lazy\" class=\"art-lightbox\" style=\"border-style: solid;\" src=\"http:\/\/www.cerknisko-jezero.si\/wp-content\/uploads\/2019\/08\/IMG_20180211_133125.jpg\" alt=\"\" width=\"283\" height=\"283\">&nbsp;<img loading=\"lazy\" class=\"art-lightbox\" style=\"border-style: solid;\" src=\"http:\/\/www.cerknisko-jezero.si\/wp-content\/uploads\/2019\/08\/IMG_20180211_134018_hdr.jpg\" alt=\"\" width=\"283\" height=\"283\">&nbsp;<img loading=\"lazy\" class=\"art-lightbox\" style=\"border-style: solid;\" src=\"http:\/\/www.cerknisko-jezero.si\/wp-content\/uploads\/2019\/08\/IMG_20180211_134103_hdr.jpg\" alt=\"\" width=\"283\" height=\"283\">&nbsp;<img loading=\"lazy\" class=\"art-lightbox\" style=\"border-style: solid;\" src=\"http:\/\/www.cerknisko-jezero.si\/wp-content\/uploads\/2019\/08\/IMG_20180211_142528_hdr.jpg\" alt=\"\" width=\"283\" height=\"283\">&nbsp;<img loading=\"lazy\" class=\"art-lightbox\" style=\"border-style: solid;\" src=\"http:\/\/www.cerknisko-jezero.si\/wp-content\/uploads\/2019\/08\/IMG_20180211_142547_hdr.jpg\" alt=\"\" width=\"283\" height=\"283\">&nbsp;<\/p>\n<p style=\"text-align: center;\">Hvala za obisk, se vidimi prihodnje leto.<\/p>\n<p style=\"text-align: center;\"><img loading=\"lazy\" class=\"art-lightbox\" style=\"border-style: solid;\" src=\"http:\/\/www.cerknisko-jezero.si\/wp-content\/uploads\/2019\/08\/Oglas_Notranjsko-Primorske-novice.jpg\" alt=\"\" width=\"800\" height=\"504\"><span style=\"color: #6ca244; font-size: 26px; font-weight: bold;\"><br><\/span><\/p>\n<p style=\"text-align: center;\"><span style=\"color: #6ca244; font-size: 26px; font-weight: bold;\">PUST v Cerknici, tradicionalni pustni karneval<\/span><\/p>\n<p style=\"text-align: center;\"><span style=\"color: #6ca244; font-style: italic; font-size: 20px;\">26. februar 2017<\/span><\/p>\n<p style=\"text-align: center;\"><img loading=\"lazy\" class=\"art-lightbox\" src=\"http:\/\/www.cerknisko-jezero.si\/wp-content\/uploads\/2019\/08\/IMG_3922.jpg\" alt=\"\" width=\"350\" height=\"263\">&nbsp;<img loading=\"lazy\" class=\"art-lightbox\" src=\"http:\/\/www.cerknisko-jezero.si\/wp-content\/uploads\/2019\/08\/IMG_3921.jpg\" alt=\"\" width=\"350\" height=\"263\">&nbsp;<img loading=\"lazy\" class=\"art-lightbox\" src=\"http:\/\/www.cerknisko-jezero.si\/wp-content\/uploads\/2019\/08\/IMG_3920.jpg\" alt=\"\" width=\"350\" height=\"263\">&nbsp;<img loading=\"lazy\" class=\"art-lightbox\" src=\"http:\/\/www.cerknisko-jezero.si\/wp-content\/uploads\/2019\/08\/IMG_3919.jpg\" alt=\"\" width=\"350\" height=\"263\">&nbsp;<img loading=\"lazy\" class=\"art-lightbox\" src=\"http:\/\/www.cerknisko-jezero.si\/wp-content\/uploads\/2019\/08\/IMG_3911.jpg\" alt=\"\" width=\"350\" height=\"263\">&nbsp;<img loading=\"lazy\" class=\"art-lightbox\" src=\"http:\/\/www.cerknisko-jezero.si\/wp-content\/uploads\/2019\/08\/IMG_3909.jpg\" alt=\"\" width=\"350\" height=\"263\">&nbsp;<img loading=\"lazy\" class=\"art-lightbox\" src=\"http:\/\/www.cerknisko-jezero.si\/wp-content\/uploads\/2019\/08\/IMG_3907.jpg\" alt=\"\" width=\"350\" height=\"263\">&nbsp;<img loading=\"lazy\" class=\"art-lightbox\" src=\"http:\/\/www.cerknisko-jezero.si\/wp-content\/uploads\/2019\/08\/IMG_3906.jpg\" alt=\"\" width=\"350\" height=\"263\"><span style=\"text-align: left;\"><br><\/span><\/p>\n<p style=\"text-align: center;\"><img loading=\"lazy\" class=\"art-lightbox\" src=\"http:\/\/www.cerknisko-jezero.si\/wp-content\/uploads\/2019\/08\/Pust-2017.jpg\" alt=\"\" width=\"800\" height=\"446\">Hvala za obisk, se vidimi prihodnje leto.<\/p>\n<p style=\"text-align: center;\"><span style=\"text-align: left;\">&nbsp;<\/span><\/p>\n<p style=\"text-align: center;\"><span style=\"text-align: left;\">&nbsp;<\/span><\/p>\n<p style=\"text-align: center;\"><span style=\"color: #6ca244; font-size: 26px; font-weight: bold;\">PUST v Cerknici, tradicionalni pustni karneval<\/span><\/p>\n<p style=\"text-align: center;\"><span style=\"color: #6ca244; font-style: italic; font-size: 20px;\">7. februar 2016<\/span><\/p>\n<p style=\"text-align: center;\"><span style=\"text-align: left;\">Ve\u010d pustnih foto utrinkov najdete na na\u0161i&nbsp;<a href=\"https:\/\/www.facebook.com\/media\/set\/?set=a.1675487849389199.1073741844.1382939411977379&amp;type=3\">Facebook strani<\/a>.&nbsp;<\/span>Oglejte si tudi fotografije&nbsp;<a href=\"https:\/\/www.facebook.com\/zoran.vidrih\/media_set?set=a.10208774148778920.1073741909.1468762879&amp;type=3\">karnevala<\/a>.<\/p>\n<p style=\"text-align: center;\">Oddaja <span style=\"font-style: italic;\">Slovenija danes (RTV SLO)<\/span> je v va\u0161e domove prinesla utrip z ulic<br>Cerknice po katerih je potekal pustni karneval.&nbsp;\u010ce ste oddajao zamudili si jo lahko ogledate <a href=\"http:\/\/4d.rtvslo.si\/arhiv\/slovenija-danes-regionalni-program\/174387091\">s klikom na to povezavo<\/a>.&nbsp;<\/p>\n<p style=\"text-align: center;\"><img loading=\"lazy\" class=\"art-lightbox\" src=\"http:\/\/www.cerknisko-jezero.si\/wp-content\/uploads\/2019\/08\/12711276_1675487866055864_4289791805138829073_o.jpg\" alt=\"\" width=\"303\" height=\"227\"><img loading=\"lazy\" class=\"art-lightbox\" src=\"http:\/\/www.cerknisko-jezero.si\/wp-content\/uploads\/2019\/08\/12695019_1672756859662298_2198735451106058250_o.jpg\" alt=\"\" width=\"407\" height=\"227\"><\/p>\n<p style=\"text-align: center;\"><img loading=\"lazy\" class=\"art-lightbox\" src=\"http:\/\/www.cerknisko-jezero.si\/wp-content\/uploads\/2019\/08\/pust-2.jpg\" alt=\"\" width=\"799\" height=\"525\"><span style=\"color: #6ca244; font-size: 26px; font-weight: bold;\"><br><\/span><\/p>\n<p style=\"text-align: center;\"><img loading=\"lazy\" class=\"art-lightbox\" src=\"http:\/\/www.cerknisko-jezero.si\/wp-content\/uploads\/2019\/08\/Pust-2016_manjsi_1-2.jpg\" alt=\"\" width=\"500\" height=\"728\"><\/p>\n<p style=\"text-align: center;\"><span style=\"color: #6ca244; font-size: 26px; font-weight: bold;\">&nbsp;<\/span><\/p>\n<p style=\"text-align: center;\"><span style=\"color: #6ca244; font-size: 26px; font-weight: bold;\">PUST v Cerknici, tradicionalni pustni karneval, 40. let<\/span><\/p>\n<p style=\"text-align: center;\"><span style=\"color: #6ca244; font-style: italic; font-size: 20px;\">15. februar 2015<\/span><\/p>\n<p style=\"text-align: center;\"><span style=\"text-align: left;\">Ve\u010d pustnih foto utrinkov najdete na na\u0161i&nbsp;<a href=\"https:\/\/www.facebook.com\/media\/set\/?set=a.1545534485717870.1073741835.1382939411977379&amp;type=1\">Facebook strani<\/a>. Oglejte si tudi fotografije <a href=\"https:\/\/www.facebook.com\/media\/set\/?set=a.1547377362200249.1073741836.1382939411977379&amp;type=3\">karnevala<\/a>.<\/span><span style=\"color: #6ca244; font-style: italic; font-size: 20px;\"><br><\/span><\/p>\n<p style=\"text-align: center;\"><img loading=\"lazy\" class=\"art-lightbox\" src=\"http:\/\/www.cerknisko-jezero.si\/wp-content\/uploads\/2019\/08\/IMG_3189_mala-2.jpg\" alt=\"\" width=\"369\" height=\"276\"><img loading=\"lazy\" class=\"art-lightbox\" src=\"http:\/\/www.cerknisko-jezero.si\/wp-content\/uploads\/2019\/08\/IMG_3192_mala-2.jpg\" alt=\"\" width=\"369\" height=\"276\"><img loading=\"lazy\" class=\"art-lightbox\" src=\"http:\/\/www.cerknisko-jezero.si\/wp-content\/uploads\/2019\/08\/IMG_3200_mala-2.jpg\" alt=\"\" width=\"369\" height=\"277\"><img loading=\"lazy\" class=\"art-lightbox\" src=\"http:\/\/www.cerknisko-jezero.si\/wp-content\/uploads\/2019\/08\/IMG_3203_mala-2.jpg\" alt=\"\" width=\"369\" height=\"277\"><span style=\"color: #6ca244; font-style: italic; font-size: 20px;\"><br><\/span><\/p>\n<p style=\"text-align: left;\"><span style=\"font-size: 10px; font-style: italic;\">foto: Jo\u0161ko Cerkvenik<\/span><\/p>\n<p style=\"text-align: left;\"><img loading=\"lazy\" class=\"art-lightbox\" src=\"http:\/\/www.cerknisko-jezero.si\/wp-content\/uploads\/2019\/08\/Dober-zgled-pust2.jpg\" alt=\"\" width=\"500\" height=\"647\"><span style=\"font-size: 10px; font-style: italic;\"><br><\/span><\/p>\n<\/div>\n<\/div>\n<\/div>\n\n\n<h2>PUST v CERKNICI<\/h2>\n\n\n\n<h4>Od \u010detrtka 20. do srede 26. februarja 2020<\/h4>\n","protected":false},"excerpt":{"rendered":"<p>PUST v CERKNICI Od ponedeljka 9. februarja do srede 18. februarja 2026. V na\u0161e konce prihajajo najve\u010dji prazniki v letu &#8230; to so pustni prazniki.Za\u010dne se \u017ee v ponedeljek 9. 2. z ogledom dokumentarnega filma &#8220;Od pogreba do karnevala&#8221; in potem nadaljuje vse do srede drugega tedna, ko bomo Pusta pokopali. Mi pa vas \u0161e [&hellip;]<\/p>\n","protected":false},"author":1,"featured_media":0,"parent":13220,"menu_order":16,"comment_status":"closed","ping_status":"closed","template":"","meta":[],"_links":{"self":[{"href":"https:\/\/www.cerknisko-jezero.si\/index.php?rest_route=\/wp\/v2\/pages\/13226"}],"collection":[{"href":"https:\/\/www.cerknisko-jezero.si\/index.php?rest_route=\/wp\/v2\/pages"}],"about":[{"href":"https:\/\/www.cerknisko-jezero.si\/index.php?rest_route=\/wp\/v2\/types\/page"}],"author":[{"embeddable":true,"href":"https:\/\/www.cerknisko-jezero.si\/index.php?rest_route=\/wp\/v2\/users\/1"}],"replies":[{"embeddable":true,"href":"https:\/\/www.cerknisko-jezero.si\/index.php?rest_route=%2Fwp%2Fv2%2Fcomments&post=13226"}],"version-history":[{"count":11,"href":"https:\/\/www.cerknisko-jezero.si\/index.php?rest_route=\/wp\/v2\/pages\/13226\/revisions"}],"predecessor-version":[{"id":14036,"href":"https:\/\/www.cerknisko-jezero.si\/index.php?rest_route=\/wp\/v2\/pages\/13226\/revisions\/14036"}],"up":[{"embeddable":true,"href":"https:\/\/www.cerknisko-jezero.si\/index.php?rest_route=\/wp\/v2\/pages\/13220"}],"wp:attachment":[{"href":"https:\/\/www.cerknisko-jezero.si\/index.php?rest_route=%2Fwp%2Fv2%2Fmedia&parent=13226"}],"curies":[{"name":"wp","href":"https:\/\/api.w.org\/{rel}","templated":true}]}}