{"id":13224,"date":"2019-08-19T18:48:38","date_gmt":"2019-08-19T16:48:38","guid":{"rendered":"http:\/\/www.cerknisko-jezero.si\/o-drustvu\/pohod-stirih-far"},"modified":"2022-11-21T09:31:17","modified_gmt":"2022-11-21T08:31:17","slug":"pohod-stirih-far","status":"publish","type":"page","link":"https:\/\/www.cerknisko-jezero.si\/?page_id=13224","title":{"rendered":"Pohod 4-ih far"},"content":{"rendered":"\n<h3>Turisti\u010dno dru\u0161tvo Cerkni\u0161ko jezero vas vabi na pohod \u0161tirih far do cerkve sv. Miklav\u017ea na Slivnici s sveto ma\u0161o ob 11. uri.<\/h3>\n\n\n\n<div class=\"wp-block-image\"><figure class=\"aligncenter size-large\"><a href=\"http:\/\/www.cerknisko-jezero.si\/wp-content\/uploads\/2022\/11\/pohod-fare.jpg\"><img loading=\"lazy\" width=\"719\" height=\"1024\" src=\"http:\/\/www.cerknisko-jezero.si\/wp-content\/uploads\/2022\/11\/pohod-fare-719x1024.jpg\" alt=\"\" class=\"wp-image-13517\" srcset=\"https:\/\/www.cerknisko-jezero.si\/wp-content\/uploads\/2022\/11\/pohod-fare-719x1024.jpg 719w, https:\/\/www.cerknisko-jezero.si\/wp-content\/uploads\/2022\/11\/pohod-fare-211x300.jpg 211w, https:\/\/www.cerknisko-jezero.si\/wp-content\/uploads\/2022\/11\/pohod-fare-768x1094.jpg 768w, https:\/\/www.cerknisko-jezero.si\/wp-content\/uploads\/2022\/11\/pohod-fare-1078x1536.jpg 1078w, https:\/\/www.cerknisko-jezero.si\/wp-content\/uploads\/2022\/11\/pohod-fare-1438x2048.jpg 1438w, https:\/\/www.cerknisko-jezero.si\/wp-content\/uploads\/2022\/11\/pohod-fare.jpg 1500w\" sizes=\"(max-width: 719px) 100vw, 719px\" \/><\/a><\/figure><\/div>\n\n\n\n<h3>Utrinki s 6. pohoda \u0161tirih far do cerkve sv. Miklav\u017ea na Slivnici<\/h3>\n\n\n\n<h5><em>sobota, 7. december 2019<\/em><\/h5>\n\n\n\n<figure class=\"wp-block-gallery columns-3 is-cropped\"><ul class=\"blocks-gallery-grid\"><li class=\"blocks-gallery-item\"><figure><img loading=\"lazy\" width=\"1024\" height=\"1024\" src=\"http:\/\/www.cerknisko-jezero.si\/wp-content\/uploads\/2019\/12\/IMG_20191207_112043_hdr-1024x1024.jpg\" alt=\"\" data-id=\"13310\" class=\"wp-image-13310\" srcset=\"https:\/\/www.cerknisko-jezero.si\/wp-content\/uploads\/2019\/12\/IMG_20191207_112043_hdr-1024x1024.jpg 1024w, https:\/\/www.cerknisko-jezero.si\/wp-content\/uploads\/2019\/12\/IMG_20191207_112043_hdr-150x150.jpg 150w, https:\/\/www.cerknisko-jezero.si\/wp-content\/uploads\/2019\/12\/IMG_20191207_112043_hdr-300x300.jpg 300w, https:\/\/www.cerknisko-jezero.si\/wp-content\/uploads\/2019\/12\/IMG_20191207_112043_hdr-768x768.jpg 768w\" sizes=\"(max-width: 1024px) 100vw, 1024px\" \/><\/figure><\/li><li class=\"blocks-gallery-item\"><figure><img loading=\"lazy\" width=\"1024\" height=\"1024\" src=\"http:\/\/www.cerknisko-jezero.si\/wp-content\/uploads\/2019\/12\/IMG_20191207_105745_hdr-1-1024x1024.jpg\" alt=\"\" data-id=\"13315\" data-link=\"http:\/\/www.cerknisko-jezero.si\/o-drustvu\/pohod-stirih-far\/img_20191207_105745_hdr-1\" class=\"wp-image-13315\" srcset=\"https:\/\/www.cerknisko-jezero.si\/wp-content\/uploads\/2019\/12\/IMG_20191207_105745_hdr-1-1024x1024.jpg 1024w, https:\/\/www.cerknisko-jezero.si\/wp-content\/uploads\/2019\/12\/IMG_20191207_105745_hdr-1-150x150.jpg 150w, https:\/\/www.cerknisko-jezero.si\/wp-content\/uploads\/2019\/12\/IMG_20191207_105745_hdr-1-300x300.jpg 300w, https:\/\/www.cerknisko-jezero.si\/wp-content\/uploads\/2019\/12\/IMG_20191207_105745_hdr-1-768x768.jpg 768w\" sizes=\"(max-width: 1024px) 100vw, 1024px\" \/><\/figure><\/li><li class=\"blocks-gallery-item\"><figure><img loading=\"lazy\" width=\"1024\" height=\"1024\" src=\"http:\/\/www.cerknisko-jezero.si\/wp-content\/uploads\/2019\/12\/IMG_20191207_110504-1-1024x1024.jpg\" alt=\"\" data-id=\"13316\" data-link=\"http:\/\/www.cerknisko-jezero.si\/o-drustvu\/pohod-stirih-far\/img_20191207_110504-1\" class=\"wp-image-13316\" srcset=\"https:\/\/www.cerknisko-jezero.si\/wp-content\/uploads\/2019\/12\/IMG_20191207_110504-1-1024x1024.jpg 1024w, https:\/\/www.cerknisko-jezero.si\/wp-content\/uploads\/2019\/12\/IMG_20191207_110504-1-150x150.jpg 150w, https:\/\/www.cerknisko-jezero.si\/wp-content\/uploads\/2019\/12\/IMG_20191207_110504-1-300x300.jpg 300w, https:\/\/www.cerknisko-jezero.si\/wp-content\/uploads\/2019\/12\/IMG_20191207_110504-1-768x768.jpg 768w\" sizes=\"(max-width: 1024px) 100vw, 1024px\" \/><\/figure><\/li><\/ul><\/figure>\n\n\n\n<p class=\"has-text-align-center\"> <img loading=\"lazy\" width=\"537\" height=\"759\" class=\"wp-image-13289\" style=\"width: 400px;\" src=\"http:\/\/www.cerknisko-jezero.si\/wp-content\/uploads\/2019\/11\/Oglas-za-Slivni\u0161ke_2019.jpg\" alt=\"Pohod 4 far\" srcset=\"https:\/\/www.cerknisko-jezero.si\/wp-content\/uploads\/2019\/11\/Oglas-za-Slivni\u0161ke_2019.jpg 537w, https:\/\/www.cerknisko-jezero.si\/wp-content\/uploads\/2019\/11\/Oglas-za-Slivni\u0161ke_2019-212x300.jpg 212w\" sizes=\"(max-width: 537px) 100vw, 537px\" \/><\/p>\n\n\n<div class=\"art-content-layout\">\n<div class=\"art-content-layout-row responsive-layout-row-1\">\n<div class=\"art-layout-cell\" style=\"width: 100%;\">\n<p style=\"text-align: center;\"><span style=\"color: #6ca244; font-size: 26px; font-weight: bold;\">&nbsp; 5. pohod \u0161tirih far do cerkve sv. Miklav\u017ea na Slivnici<\/span><\/p>\n<p style=\"text-align: center;\"><span style=\"color: #6ca244; font-size: 20px; font-style: italic;\">sobota, 1. december 2018<\/span><\/p>\n<p style=\"text-align: center;\"><img loading=\"lazy\" class=\"art-lightbox\" src=\"http:\/\/www.cerknisko-jezero.si\/wp-content\/uploads\/2019\/08\/IMG_20181201_110248_hdr.jpg\" alt=\"\" width=\"390\" height=\"390\">&nbsp;<img loading=\"lazy\" class=\"art-lightbox\" src=\"http:\/\/www.cerknisko-jezero.si\/wp-content\/uploads\/2019\/08\/IMG_20181201_111141_hdr.jpg\" alt=\"\" width=\"390\" height=\"390\"><img loading=\"lazy\" class=\"art-lightbox\" src=\"http:\/\/www.cerknisko-jezero.si\/wp-content\/uploads\/2019\/08\/IMG_20181201_112352_hdr.jpg\" alt=\"\" width=\"390\" height=\"354\"><img loading=\"lazy\" class=\"art-lightbox\" src=\"http:\/\/www.cerknisko-jezero.si\/wp-content\/uploads\/2019\/08\/IMG_20181201_112456.jpg\" alt=\"\" width=\"355\" height=\"355\"><\/p>\n<p style=\"text-align: center;\">Slivni\u0161ki pogledi, januar 2019, str. 21. Prispevek o \u017ee petem Pohodu \u0161tirih far.<\/p>\n<p style=\"text-align: center;\"><img loading=\"lazy\" class=\"art-lightbox\" style=\"border-style: solid;\" src=\"http:\/\/www.cerknisko-jezero.si\/wp-content\/uploads\/2019\/08\/Slivni\u0161ki-pogledi-48-21-2.jpg\" alt=\"\" width=\"425\" height=\"599\"><\/p>\n<p style=\"text-align: center;\"><img loading=\"lazy\" class=\"art-lightbox\" style=\"border-style: solid;\" src=\"http:\/\/www.cerknisko-jezero.si\/wp-content\/uploads\/2019\/08\/Pohod-4-far-3.jpg\" alt=\"\" width=\"567\" height=\"445\"><span class=\"_4n-j fsl\" style=\"color: #6ca244;\"><span style=\"color: #000000;\"><br><\/span><\/span><\/p>\n<p><span class=\"_4n-j fsl\" style=\"color: #6ca244;\"><span style=\"color: #000000;\">Vabimo vas na pohod 4. far do cerkve sv. Miklav\u017ea na Slivnici. Tja se bomo odpravili&nbsp;<span style=\"color: #6ca244; font-weight: bold;\">1. decembra<\/span>. Pohod bomo pri\u010deli v&nbsp;<span style=\"color: #6ca244; font-weight: bold;\">Cerknici na Taboru ob 9. uri<\/span>&nbsp;in \u0161li po markirani poti mimo Doma na Slivnici na vrh Slivnice in nato \u010dez vrh, prav tako po markirani poti, do mesta nad cerkvijo, kjer bo ob 11. uri sveta ma\u0161a. V&nbsp;<span style=\"color: #6ca244; font-weight: bold;\">Begunjah se bo pohod ob 8.30 pri\u010del pred cerkvijo<\/span>, pohodniki bodo od\u0161li po markirani poti na S<span class=\"text_exposed_show\">livnico. V&nbsp;<span style=\"color: #6ca244; font-weight: bold;\">Grahovem bo pri\u010detek pohoda ob 9. uri pred cerkvijo<\/span>, iz&nbsp;<span style=\"color: #6ca244; font-weight: bold;\">Nove vasi pa bodo pohodniki pri\u010deli pohod ob 8.30 pred trgovino<\/span>.&nbsp;<\/span><\/span><\/span><\/p>\n<p><span class=\"_4n-j fsl\"><span class=\"text_exposed_show\">Na vrh Slivnice (1114 metrov) vodi ve\u010d markiranih poti, \u010das hoje je pribli\u017eno uro in pol. Iz Cerknice vodi pot iz Brestove ulice, ki se nadaljuje mimo nekdanjega bazena skozi nasad borov, naprej po poti pod Gradi\u0161\u010dem in \u010dez Debeli vrh do vrha. Med potjo si lahko ogledamo \u0161e ostanke prazgodovinske naselbine na Gradi\u0161\u010du in ostanke voja\u0161kih utrdb. Malo pod vrhom stoji Dom na Slivnici, ki je bil odprt pred natanko petdesetimi leti.<\/span><\/span><\/p>\n<p>Iz Martinjaka vodi markirana pot od avtobusne postaje navzgor do stare ceste, nato pa se pri studen\u010dku pot odcepi bolj strmo v breg.<\/p>\n<p>Iz Grahovega se markirana pot pri\u010dne v sredi\u0161\u010du kraja, nato pa se s ceste odcepi \u010dez polje do gozdne ceste in vodi mimo kapelice proti vrhu, kjer se pod vrhom zdru\u017ei s potjo iz Martinjaka. Ob poti so ostanki voja\u0161kih utrdb.<\/p>\n<p>Iz Begunj vodi markirana Notranjska planinska pot, ki gre \u010dez Brezje, na vrh Slivnice vodi po severnem pobo\u010dju, iz vrha pa nadaljuje proti Novi vasi, pred Radlekom se odcepi \u010dez Blo\u010dice na Kri\u017eno goro.<\/p>\n<p>Prispevkov za pohod ne bomo pobirali, prav tako prijave niso obvezne so pa za\u017eelene.&nbsp;<\/p>\n<p>Ve\u010d informaciji in utrinkov iz prej\u0161njih pohodov najdete ni\u017eje na tej strani ali na na\u0161i&nbsp;<a href=\"https:\/\/www.facebook.com\/1382939411977379\/photos\/?tab=album&amp;album_id=1561401847464467\">facebook strani<\/a>.&nbsp;<\/p>\n<p>\u0160e enkrat lepo vabljeni in ni\u010d ne bomo imeli proti, \u010de na pohod povabite tudi svoje prijatelje ;).<\/p>\n<p style=\"text-align: center;\"><span style=\"text-align: left;\">&nbsp;<\/span><\/p>\n<p style=\"text-align: center;\"><span style=\"text-align: left;\">Foto utrinki&nbsp;iz 4. pohoda 4 far, ki se je zgodil 2. decembra 2017.&nbsp;<\/span><\/p>\n<p style=\"text-align: center;\"><span style=\"text-align: left;\">Ve\u010d o pohodu si lahko preberete tudi na <a href=\"http:\/\/www.cerknica.si\/novica\/113914\">tej povezavi<\/a>.&nbsp;<\/span><\/p>\n<p style=\"text-align: center;\"><span style=\"color: #6ca244; font-size: 26px; font-weight: bold;\">&nbsp;<img loading=\"lazy\" class=\"art-lightbox\" style=\"border-style: solid;\" src=\"http:\/\/www.cerknisko-jezero.si\/wp-content\/uploads\/2019\/08\/IMG_20171202_090508.jpg\" alt=\"\" width=\"369\" height=\"369\">&nbsp;<img loading=\"lazy\" class=\"art-lightbox\" style=\"border-style: solid;\" src=\"http:\/\/www.cerknisko-jezero.si\/wp-content\/uploads\/2019\/08\/IMG_20171202_111018.jpg\" alt=\"\" width=\"369\" height=\"369\"><\/span><\/p>\n<p style=\"text-align: center;\"><img loading=\"lazy\" class=\"art-lightbox\" style=\"border-style: solid;\" src=\"http:\/\/www.cerknisko-jezero.si\/wp-content\/uploads\/2019\/08\/IMG_20171202_111147.jpg\" alt=\"\" width=\"369\" height=\"369\">&nbsp;<img loading=\"lazy\" class=\"art-lightbox\" style=\"border-style: solid;\" src=\"http:\/\/www.cerknisko-jezero.si\/wp-content\/uploads\/2019\/08\/IMG_20171202_112352_hdr.jpg\" alt=\"\" width=\"369\" height=\"369\"><span style=\"color: #6ca244; font-size: 26px; font-weight: bold;\"><br><\/span><\/p>\n<p style=\"text-align: center;\"><img loading=\"lazy\" class=\"art-lightbox\" style=\"border-style: solid;\" src=\"http:\/\/www.cerknisko-jezero.si\/wp-content\/uploads\/2019\/08\/IMG_20171202_123832.jpg\" alt=\"\" width=\"369\" height=\"369\">&nbsp;<img loading=\"lazy\" class=\"art-lightbox\" style=\"border-style: solid;\" src=\"http:\/\/www.cerknisko-jezero.si\/wp-content\/uploads\/2019\/08\/IMG_20171202_123845.jpg\" alt=\"\" width=\"369\" height=\"369\"><\/p>\n<p style=\"text-align: center;\"><img loading=\"lazy\" class=\"art-lightbox\" style=\"border-style: solid;\" src=\"http:\/\/www.cerknisko-jezero.si\/wp-content\/uploads\/2019\/08\/Oglas-2.jpg\" alt=\"\" width=\"374\" height=\"472\"><span style=\"color: #6ca244; font-size: 26px; font-weight: bold;\"><br><\/span><\/p>\n<p style=\"text-align: center;\"><span style=\"color: #6ca244; font-size: 26px; font-weight: bold;\">&nbsp;<\/span><\/p>\n<p style=\"text-align: center;\"><span style=\"color: #6ca244; font-size: 26px; font-weight: bold;\">3. pohod \u0161tirih far do cerkve sv. Miklav\u017ea na Slivnici<\/span><\/p>\n<p style=\"text-align: center;\"><span style=\"color: #6ca244; font-size: 20px; font-style: italic;\">3. december 2016<\/span><\/p>\n<p style=\"text-align: center;\">Prazne baterije v fotoaparatu so \u017eal prepre\u010dile delanje foto utrinkov, zato na pohod iz leta 2016 spominja le vabilo.<\/p>\n<p style=\"text-align: center;\"><img loading=\"lazy\" class=\"art-lightbox\" style=\"border-style: solid;\" src=\"http:\/\/www.cerknisko-jezero.si\/wp-content\/uploads\/2019\/08\/Oglas-za-Slivni\u0161ke.jpg\" alt=\"\" width=\"346\" height=\"437\">&nbsp;&nbsp;<\/p>\n<p style=\"text-align: center;\"><span style=\"color: #6ca244; font-size: 26px; font-weight: bold;\">&nbsp;<\/span><\/p>\n<p style=\"text-align: center;\"><span style=\"color: #6ca244; font-size: 26px; font-weight: bold;\">2. pohod \u0161tirih far do cerkve sv. Miklav\u017ea na Slivnici<\/span><\/p>\n<p style=\"text-align: center;\"><span style=\"color: #6ca244; font-style: italic; font-size: 20px;\">5. december 2015<\/span><\/p>\n<p style=\"text-align: center;\"><span style=\"text-align: left;\">Na lep son\u010den dan, 5. decembra smo se podali na 2. pohod \u0161tirih far (<span style=\"text-align: center;\"><span style=\"text-align: left;\">Begunje pri Cerknici,&nbsp;<\/span>Grahovo, Cerknica in Nova vas)<\/span>.&nbsp;<span style=\"text-align: center;\">Pri ru\u0161evinah cerkve sv. Miklav\u017ea je&nbsp;ob 11h sveto ma\u0161o daroval grahovski \u017eupnik g. Sandi Osojnik.&nbsp;<\/span><\/span><\/p>\n<p style=\"text-align: center;\"><img loading=\"lazy\" class=\"art-lightbox\" src=\"http:\/\/www.cerknisko-jezero.si\/wp-content\/uploads\/2019\/08\/Pohod3.jpg\" alt=\"\" width=\"350\" height=\"234\">&nbsp;<img loading=\"lazy\" class=\"art-lightbox\" src=\"http:\/\/www.cerknisko-jezero.si\/wp-content\/uploads\/2019\/08\/Pohod2.jpg\" alt=\"\" width=\"350\" height=\"234\"><span style=\"text-align: left;\"><span style=\"text-align: center;\"><br><\/span><\/span><\/p>\n<p style=\"text-align: center;\">&nbsp;<img loading=\"lazy\" class=\"art-lightbox\" src=\"http:\/\/www.cerknisko-jezero.si\/wp-content\/uploads\/2019\/08\/Pohod4.jpg\" alt=\"\" width=\"350\" height=\"235\"><img loading=\"lazy\" class=\"art-lightbox\" src=\"http:\/\/www.cerknisko-jezero.si\/wp-content\/uploads\/2019\/08\/Pohod5.jpg\" alt=\"\" width=\"350\" height=\"234\"><\/p>\n<p style=\"text-align: center;\"><img loading=\"lazy\" class=\"art-lightbox\" src=\"http:\/\/www.cerknisko-jezero.si\/wp-content\/uploads\/2019\/08\/Pohod.jpg\" alt=\"\" width=\"600\" height=\"324\"><\/p>\n<p style=\"text-align: center;\"><span style=\"text-align: left;\"><span style=\"text-align: center;\">Foto utrinke je prispevala Anja Tur\u0161i\u010d, <a href=\"https:\/\/plus.google.com\/photos\/104400644532053408634\/albums\/6226141802592823505\">ogledate si jih lahko na tej povezavi<\/a>.<\/span><\/span><\/p>\n<p style=\"text-align: center;\"><img loading=\"lazy\" class=\"art-lightbox\" src=\"http:\/\/www.cerknisko-jezero.si\/wp-content\/uploads\/2019\/08\/Pohod4far-2.jpg\" alt=\"\" width=\"400\" height=\"552\"><span style=\"color: #6ca244; font-style: italic; font-size: 20px;\"><br><\/span><\/p>\n<p style=\"text-align: center;\"><span style=\"color: #6ca244; font-size: 26px; font-weight: bold;\">1. pohod \u0161tirih far do cerkve sv. Miklav\u017ea na Slivnici<\/span><\/p>\n<p style=\"text-align: center;\"><span style=\"color: #6ca244; font-style: italic; font-size: 20px;\">6. december 2014<\/span>&nbsp;<\/p>\n<p style=\"text-align: center;\"><img loading=\"lazy\" class=\"art-lightbox\" src=\"http:\/\/www.cerknisko-jezero.si\/wp-content\/uploads\/2019\/08\/Pohod-4-far.jpg\" alt=\"\" width=\"600\" height=\"233\">&nbsp; &nbsp;&nbsp;<span style=\"font-size: 10px; font-style: italic;\">Vir: Slivni\u0161ki pogledi \u0161t. 6<\/span><\/p>\n<p style=\"text-align: center;\"><span style=\"color: #293d1a;\"><img loading=\"lazy\" class=\"art-lightbox\" src=\"http:\/\/www.cerknisko-jezero.si\/wp-content\/uploads\/2019\/08\/IMG_3026_mala-2.jpg\" alt=\"\" width=\"369\" height=\"276\">&nbsp;<img loading=\"lazy\" class=\"art-lightbox\" src=\"http:\/\/www.cerknisko-jezero.si\/wp-content\/uploads\/2019\/08\/IMG_3028_mali-2.jpg\" alt=\"\" width=\"369\" height=\"276\"><img loading=\"lazy\" class=\"art-lightbox\" src=\"http:\/\/www.cerknisko-jezero.si\/wp-content\/uploads\/2019\/08\/IMG_3030_mali-2.jpg\" alt=\"\" width=\"369\" height=\"276\"><img loading=\"lazy\" class=\"art-lightbox\" src=\"http:\/\/www.cerknisko-jezero.si\/wp-content\/uploads\/2019\/08\/IMG_3032_mala-2.jpg\" alt=\"\" width=\"369\" height=\"276\">&nbsp;<img loading=\"lazy\" class=\"art-lightbox\" src=\"http:\/\/www.cerknisko-jezero.si\/wp-content\/uploads\/2019\/08\/IMG_3040_mala-2.jpg\" alt=\"\" width=\"369\" height=\"276\"><img loading=\"lazy\" class=\"art-lightbox\" src=\"http:\/\/www.cerknisko-jezero.si\/wp-content\/uploads\/2019\/08\/IMG_3034_mala-2.jpg\" alt=\"\" width=\"369\" height=\"276\"><\/span><\/p>\n<p style=\"text-align: left;\">Spremljajte nas tudi na na\u0161i <a href=\"https:\/\/www.facebook.com\/media\/set\/?set=a.1473549256249727.1073741831.1382939411977379&amp;type=1\">Facebook strani<\/a>.<\/p>\n<p style=\"text-align: left;\">\n<\/p><p style=\"text-align: left;\">Kako smo \u010distili posledice \u017eledoloma, ki je cerkvico na \u017ealost mo\u010dno po\u0161kodoval &#8230;<\/p>\n<p style=\"text-align: left;\"><img loading=\"lazy\" class=\"art-lightbox\" style=\"margin: 5px;\" src=\"http:\/\/www.cerknisko-jezero.si\/wp-content\/uploads\/2019\/08\/gozd4_mala-2.jpg\" alt=\"\" width=\"390\" height=\"292\">&nbsp;<img loading=\"lazy\" class=\"art-lightbox\" style=\"margin: 5px;\" src=\"http:\/\/www.cerknisko-jezero.si\/wp-content\/uploads\/2019\/08\/gozd2_mala-2.jpg\" alt=\"\" width=\"390\" height=\"292\">&nbsp;&nbsp;<\/p>\n<p style=\"text-align: left;\"><img loading=\"lazy\" class=\"art-lightbox\" style=\"float: left; margin: 0px 5px 0px 5px;\" src=\"http:\/\/www.cerknisko-jezero.si\/wp-content\/uploads\/2019\/08\/gozd_mala-2.jpg\" alt=\"\" width=\"238\" height=\"318\"><img loading=\"lazy\" class=\"art-lightbox\" style=\"float: left; margin-top: 0px; margin-right: 5px; margin-bottom: 0px;\" src=\"http:\/\/www.cerknisko-jezero.si\/wp-content\/uploads\/2019\/08\/gozd1_mala-2.jpg\" alt=\"\" width=\"390\" height=\"292\"><span style=\"font-size: 10px; font-style: italic;\"><br><\/span><\/p>\n<p style=\"text-align: left;\"><span style=\"font-size: 10px; font-style: italic;\">&nbsp;<\/span><\/p>\n<p style=\"text-align: left;\"><span style=\"font-size: 10px; font-style: italic;\">&nbsp;<\/span><\/p>\n<p style=\"text-align: left;\"><span style=\"font-size: 10px; font-style: italic;\">&nbsp;<\/span><\/p>\n<p style=\"text-align: left;\"><span style=\"font-size: 10px; font-style: italic;\">&nbsp;<\/span><\/p>\n<p style=\"text-align: left;\"><span style=\"font-size: 10px; font-style: italic;\">&nbsp;<\/span><\/p>\n<p style=\"text-align: left;\"><span style=\"font-size: 10px; font-style: italic;\">&nbsp;<\/span><\/p>\n<p style=\"text-align: left;\"><span style=\"font-size: 10px; font-style: italic;\">&nbsp;<\/span><\/p>\n<p style=\"text-align: left;\"><span style=\"font-size: 10px; font-style: italic;\">foto:<span class=\"gmail_sendername\">Ivan Brancelj<\/span><\/span><\/p>\n<p style=\"text-align: left;\"><span style=\"font-size: 10px; font-style: italic;\"><span class=\"gmail_sendername\">&nbsp;<\/span><\/span><\/p>\n<p style=\"text-align: left;\"><span style=\"color: #63933e; font-size: 18px; font-weight: bold;\">O cerkvi sv. Miklav\u017ea<\/span><\/p>\n<p style=\"text-align: left;\">Cerkev sv. Miklav\u017ea na Slivnici je bila zgrajena konec 15. stoletja. Usmerjenost cerkve je vzhod zahod, ima gotsko zasnovo in zvonik na preslico. Pod cerkvijo je manj\u0161i izvir svetega Miklav\u017ea. Po ustnem izro\u010dilu naj bi cerkev postavili zato, ker je zemeljski ali sne\u017eni plaz zasul ve\u010d ljudi. Ob su\u0161i so romarji prosili za de\u017e in bili usli\u0161ani. Cerkev je omenjena v popisu Kranjskih cerkvenih dragocenosti iz leta 1526. Mali zvon je imel letnico 1641, vendar je bil konec 19. stoletja po\u0161kodovan. Valvasor je leta 1689 v Slavi vojvodine Kranjske zapisal, da je blizu cerkve majhen gozdi\u010dek, iz katerega ni mogo\u010de vzeti lesa. Leta 1789 so pod cesarjem Jo\u017eefom II. cerkev zaprli, vendar so jo \u010dez nekaj let zaradi pro\u0161nje faranov ponovno odprli. Konec 19. stoletja je bila cerkev tako po\u0161kodovana, da je loga\u0161ko glavarstvo ukazalo, da je treba cerkev podreti, vendar se tega ni nih\u010de lotil. \u017dupnik Franc Lakmayer je zbral denar, tako da so cerkev leta 1897 obnovili. Med drugo svetovno vojno je cerkev po\u0161kodovalo ve\u010d granat italijanske vojske.<\/p>\n<p style=\"text-align: left;\"><img loading=\"lazy\" class=\"art-lightbox\" style=\"float: left;\" src=\"http:\/\/www.cerknisko-jezero.si\/wp-content\/uploads\/2019\/08\/Steinberg_cerkv_sv_Miklavz-2.jpg\" alt=\"\" width=\"425\" height=\"181\"><\/p>\n<p style=\"text-align: left;\"><span style=\"font-size: 12px; font-style: italic;\">Franc Anton Steinberg je na zemljevidu Cerkni\u0161kega jezera, ki ga je objavil v knjigi Gr\u00fcndliche Nachricht von dem in dem Inner-Crain gelegenen Czirknitzer-See leta 1758, ozna\u010dil tudi cerkev sv. Nikolaja (Miklav\u017ea).<\/span><\/p>\n<p style=\"text-align: left;\"><span style=\"font-size: 12px; font-style: italic;\">&nbsp;<\/span><\/p>\n<p style=\"text-align: left;\"><span style=\"font-size: 12px; font-style: italic;\">&nbsp;<\/span><\/p>\n<p style=\"text-align: left;\"><span style=\"font-size: 12px; font-style: italic;\">&nbsp;<\/span><\/p>\n<p style=\"text-align: left;\"><img loading=\"lazy\" class=\"art-lightbox\" style=\"float: left;\" src=\"http:\/\/www.cerknisko-jezero.si\/wp-content\/uploads\/2019\/08\/grubernikolaj-2.jpg\" alt=\"\" width=\"425\" height=\"212\"><\/p>\n<p style=\"text-align: left;\"><span style=\"font-size: 12px; font-style: italic;\">Brata Gruber sta na zemljevidu Cerkni\u0161kega jezera, ki je objavljen v knjigi Briefe hydrographischen und physikalischen Inhalts aus Krain iz leta 1781, ozna\u010dila tudi cerkev sv. Nikolaja (Miklav\u017ea).<\/span><\/p>\n<p style=\"text-align: left;\"><span style=\"font-size: 12px; font-style: italic;\">&nbsp;<\/span><\/p>\n<p style=\"text-align: left;\"><span style=\"font-size: 12px; font-style: italic;\">&nbsp;<\/span><\/p>\n<p style=\"text-align: left;\"><span style=\"font-size: 12px; font-style: italic;\">&nbsp;<\/span><\/p>\n<p style=\"text-align: left;\"><span style=\"font-size: 12px; font-style: italic;\">&nbsp;<\/span><\/p>\n<p style=\"text-align: left;\">O pohodu in vabilu na izlet lahko preberete tudi v 4. \u0161t. Slivni\u0161kih pogledov.<\/p>\n<p style=\"text-align: left;\"><img loading=\"lazy\" class=\"art-lightbox\" src=\"http:\/\/www.cerknisko-jezero.si\/wp-content\/uploads\/2019\/08\/Ideja_za_izlet-2.jpg\" alt=\"\" width=\"700\" height=\"906\"><span style=\"font-size: 12px; font-style: italic;\"><br><\/span><\/p>\n<\/div>\n<\/div>\n<\/div>","protected":false},"excerpt":{"rendered":"<p>Turisti\u010dno dru\u0161tvo Cerkni\u0161ko jezero vas vabi na pohod \u0161tirih far do cerkve sv. Miklav\u017ea na Slivnici s sveto ma\u0161o ob 11. uri. Utrinki s 6. pohoda \u0161tirih far do cerkve sv. Miklav\u017ea na Slivnici sobota, 7. december 2019 &nbsp; 5. pohod \u0161tirih far do cerkve sv. Miklav\u017ea na Slivnici sobota, 1. december 2018 &nbsp; Slivni\u0161ki [&hellip;]<\/p>\n","protected":false},"author":1,"featured_media":0,"parent":13220,"menu_order":14,"comment_status":"closed","ping_status":"closed","template":"","meta":[],"_links":{"self":[{"href":"https:\/\/www.cerknisko-jezero.si\/index.php?rest_route=\/wp\/v2\/pages\/13224"}],"collection":[{"href":"https:\/\/www.cerknisko-jezero.si\/index.php?rest_route=\/wp\/v2\/pages"}],"about":[{"href":"https:\/\/www.cerknisko-jezero.si\/index.php?rest_route=\/wp\/v2\/types\/page"}],"author":[{"embeddable":true,"href":"https:\/\/www.cerknisko-jezero.si\/index.php?rest_route=\/wp\/v2\/users\/1"}],"replies":[{"embeddable":true,"href":"https:\/\/www.cerknisko-jezero.si\/index.php?rest_route=%2Fwp%2Fv2%2Fcomments&post=13224"}],"version-history":[{"count":10,"href":"https:\/\/www.cerknisko-jezero.si\/index.php?rest_route=\/wp\/v2\/pages\/13224\/revisions"}],"predecessor-version":[{"id":13518,"href":"https:\/\/www.cerknisko-jezero.si\/index.php?rest_route=\/wp\/v2\/pages\/13224\/revisions\/13518"}],"up":[{"embeddable":true,"href":"https:\/\/www.cerknisko-jezero.si\/index.php?rest_route=\/wp\/v2\/pages\/13220"}],"wp:attachment":[{"href":"https:\/\/www.cerknisko-jezero.si\/index.php?rest_route=%2Fwp%2Fv2%2Fmedia&parent=13224"}],"curies":[{"name":"wp","href":"https:\/\/api.w.org\/{rel}","templated":true}]}}