{"id":13223,"date":"2019-08-19T18:48:37","date_gmt":"2019-08-19T16:48:37","guid":{"rendered":"http:\/\/www.cerknisko-jezero.si\/o-drustvu\/pohod-od-steberka-do-karlovce"},"modified":"2025-07-10T11:11:54","modified_gmt":"2025-07-10T09:11:54","slug":"pohod-od-steberka-do-karlovce","status":"publish","type":"page","link":"https:\/\/www.cerknisko-jezero.si\/?page_id=13223","title":{"rendered":"Pohod od \u0160teberka do Karlovce"},"content":{"rendered":"\n<div class=\"wp-block-buttons is-content-justification-center\">\n<div class=\"wp-block-button\"><a class=\"wp-block-button__link has-white-color has-text-color has-background\" href=\"https:\/\/forms.gle\/K3mqH3NXVQswee4f9\" style=\"background-color:#5c9f58\" target=\"_blank\" rel=\"noreferrer noopener\"><span class=\"has-inline-color has-white-color\">Prijave na pohod<\/span><\/a><\/div>\n<\/div>\n\n\n\n<h2 class=\"has-text-align-center has-text-color\" style=\"color:#96c11f\">Turisti\u010dno dru\u0161tvo Cerkni\u0161ko jezero vas vabi na 12. pohod od \u0160teberka do Karlovce na Cerkni\u0161kem jezeru, ki bo v nedeljo, 14. septembra 2025.<\/h2>\n\n\n\n<figure class=\"wp-block-video\"><video controls src=\"https:\/\/www.cerknisko-jezero.si\/wp-content\/uploads\/2025\/07\/TD-Cerknisko-jezero-skrajsan-pohod.mp4\"><\/video><\/figure>\n\n\n\n<div class=\"wp-block-image is-style-default\"><figure class=\"aligncenter size-large\"><a href=\"http:\/\/www.cerknisko-jezero.si\/wp-content\/uploads\/2025\/07\/Letak-A5_2025.jpg\"><img loading=\"lazy\" width=\"727\" height=\"1024\" src=\"http:\/\/www.cerknisko-jezero.si\/wp-content\/uploads\/2025\/07\/Letak-A5_2025-727x1024.jpg\" alt=\"\" class=\"wp-image-13908\" srcset=\"https:\/\/www.cerknisko-jezero.si\/wp-content\/uploads\/2025\/07\/Letak-A5_2025-727x1024.jpg 727w, https:\/\/www.cerknisko-jezero.si\/wp-content\/uploads\/2025\/07\/Letak-A5_2025-213x300.jpg 213w, https:\/\/www.cerknisko-jezero.si\/wp-content\/uploads\/2025\/07\/Letak-A5_2025-768x1082.jpg 768w, https:\/\/www.cerknisko-jezero.si\/wp-content\/uploads\/2025\/07\/Letak-A5_2025-1091x1536.jpg 1091w, https:\/\/www.cerknisko-jezero.si\/wp-content\/uploads\/2025\/07\/Letak-A5_2025-1454x2048.jpg 1454w, https:\/\/www.cerknisko-jezero.si\/wp-content\/uploads\/2025\/07\/Letak-A5_2025.jpg 1795w\" sizes=\"(max-width: 727px) 100vw, 727px\" \/><\/a><\/figure><\/div>\n\n\n<div class=\"art-content-layout\">\n<div class=\"art-content-layout-row responsive-layout-row-1\">\n<div class=\"art-layout-cell\" style=\"width: 100%;\">\n<p><strong>OPIS POTI in INFORMACIJE<\/strong><\/p>\n<p>Cerkni\u0161ko jezero v\u010dasih prekriva voda, v\u010dasih pa ne, zato smo se odlo\u010dili speljati pohod po poteh ob tem na\u0161em biseru. Pohod bomo pri\u010deli v Pod\u0161teberku (uradno del vasi Lipsenj) in se podali najprej k ostankom \u0160teber\u0161kega gradu. Pot bomo nadaljevali po neko\u010d grajski poti, ki vodi mimo izvira \u0160tebr\u0161\u010dice oz. nekoliko kasneje Lipsenj\u0161\u010dice proti cerkvi sv. \u0160tefana. V kri\u017ei\u0161\u010du se na\u0161a pot pri\u010dne vzpenjati na hrib nad Lipsenjem, na katerem je neko\u010d stala cerkev sv. Roka. S hriba se spustimo navzdol do asfaltne ceste in pot nadaljujemo \u010dez vas Gori\u010dice. V vasi lahko vidimo okoli 200 let staro hi\u0161o s slamnato streho, ki pri\u010da o arhitekturi tistega \u010dasa. Po poti, ob kateri nas spremlja drevored hru\u0161k, kmalu pridemo nad izvir poto\u010dka Gori\u010dice. Do Gornjega Jezera nas pot nato vodi skozi gozd in v lepem vremenu se nam pri prvi hi\u0161i ponudi lep razgled na Julijske Alpe.<\/p>\n<p>Na Gornjem Jezeru se pot usmeri proti vasi Laze. Med potjo do Laz pre\u010dkamo Str\u017een \u2013 jezersko reko, ki izvira v Obrhu in Cemunu (to sta glavna izvira, manj\u0161i je \u0161e La\u0161ki studenec). Ob poti raste bi\u010dek, iz katerega lahko izdelamo prav prikupne \u00bbjezerske ra\u010dke\u00ab.<\/p>\n<p>Nad vasjo Laze gremo po gozdni cesti dalje ob Cerkni\u0161kem jezeru. Po bli\u017enjici, ki je na za\u010detku lepo tlakovana s kamenjem, krenemo proti Otoku. Pribli\u017eujemo se neposrednemu robu Cerkni\u0161kega jezera, prav nad izvirom Tresenec, ki je dobil ime po mrzli vodi.<\/p>\n<p>Pot nas vodi skozi vas Otok, ki velja za edino oto\u0161ko vas v dr\u017eavi. Ko prehodimo otok, pridemo do mostu, ki povezuje polotok Drvo\u0161ec. Med potjo k Ribi\u0161kemu kotu se nam ponujajo najlep\u0161i razgledi po gladini Cerkni\u0161kega jezera proti Slivnici.<\/p>\n<p>V kri\u017ei\u0161\u010du poti v Ribi\u0161kem kotu se nam odpre pogled na \u0161e zadnji del jezera proti ponikalnicama Velika in Mala Karlovica, proti Dolenjemu Jezeru in neposredno na desni strani na nekdanji otok Gorica. Na\u0161a pot se nadaljuje po panoramski cesti pod vzno\u017ejem mogo\u010dnih javorni\u0161kih gozdov. Na pe\u010dini pod cesto, tik pred kri\u017ei\u0161\u010dem gozdne ceste proti Dolenji vasi, le\u017eijo \u0161e vidni temelji grajskega obzidja gradu Karlovec. Pe\u010dino obdaja \u0161irok obrambni jarek. Z grajske plo\u0161\u010dadi gradu Karlovec se nam pogled odpre na ponikalnici Velika in Mala Karlovica. Pred Veliko Karlovico je postavljena za\u0161\u010ditna ograja za lovljenje naplavljenega lesa.<\/p>\n<p>Pot se nadaljuje proti Dolenji vasi, kjer levo pod Tr\u017ei\u0161\u010dem (prazgodovinska naselbina) pridemo do prostorov dru\u0161tva Lovrenc, dru\u0161tva ljubiteljev narave, konj in tradicije iz Dolenje vasi. Tu je zaklju\u010dek na\u0161ega 6-urnega pohoda od gradu \u0160teberk do gradu Karlovec, v dol\u017eini pribli\u017eno 21 km. Do parkiranih vozil na izhodi\u0161\u010du bo vozil avtobus.<\/p>\n<p><strong>Kdaj in kje<br><\/strong>Nedelja, 14. september 2025, Cerkni\u0161ko jezero.<br>Na dalj\u0161i pohod (21 km) se bomo podali ob 9.00 izpod ostankov gradu \u0160teberk v Pod\u0161teberku poleg Lipsenja ob Cerkni\u0161kem jezeru.<\/p>\n<p>Na kraj\u0161ega pa dve uri kasneje, ob 11.00 izpred Centra za obiskovalce Dolenje jezero.<\/p>\n<p><strong>Trajanje pohoda<br><\/strong>21 km \u2013 iz Pod\u0161teberka (Lipsenj), 6 ur.<br>8 km \u2013 izpred Centra za obiskovalce Dolenje jezero, dobri 2 uri.<\/p>\n<p><strong>Zahtevnost<br><\/strong>Iz Pod\u0161teberka \u2013 srednje zahtevna (zaradi same dol\u017eine pohoda).<\/p>\n<p>Izpred Centra za obiskovalce Dolenje jezero \u2013 lahka (primerna tudi za dru\u017eine z vozi\u010dki).<\/p>\n<p><strong>Oprema<\/strong><br>Primerna obutev (pohodni\u0161ki \u010devlji), palice.<\/p>\n<p><strong>Prispevek<br><\/strong>15 \u20ac \u2013 dalj\u0161i pohod (21 km).<br>10 \u20ac \u2013 kraj\u0161i pohod (8 km).<br>Brezpla\u010dno \u2013 otroci do 15 leta.<\/p>\n<p><strong>Prijava<br><\/strong>Ni obvezna je pa zaradi bolj\u0161e organizacije za\u017eelena na slede\u010di <a href=\"https:\/\/forms.gle\/K3mqH3NXVQswee4f9\">povezavi<\/a>.<\/p>\n<p><strong>Dodatne informacije in prijave<\/strong><br>TIC Cerknica: tic@notranjski-park.si,&nbsp;01 709 36 36, www.notranjski-park.si<br>Turisti\u010dno dru\u0161tvo Cerkni\u0161ko jezero:&nbsp;info@cerknisko-jezero.si, <a href=\"https:\/\/www.facebook.com\/tdcerkniskojezero\/\">Facebook stran<\/a><\/p>\n<p><\/p>\n<p><strong>Prepovedana ljubezen Karlov\u010danke in \u0160teber\u010dana<\/strong>&nbsp;<\/p>\n<p>Nekdaj sta stala na Cerkni\u0161kem dva gradova, karlov\u0161ki in \u0161teber\u0161ki. Prvi je bil sezidan zraven Male Karlovice nad Svinjsko jamo, drugi pa na nasprotni strani v vzno\u017eju Kri\u017ene gore. vsak na svojem koncu doline.<\/p>\n<p>Gra\u0161\u010daka sta bila med seboj na smrt sprta in nista prenesla niti tega, da je kdo v njuni bli\u017eini omenil ali pa izrekel ime drugega.<\/p>\n<p>Druga\u010de je bilo pri otrocih obeh gra\u0161\u010dakov. \u0160teber\u0161ki sin in Karlov\u0161ka h\u010di sta se ljubila kljub velikemu nasprotovanju star\u0161ev. \u0160tebr\u010dan je sklenil zaprositi Karlov\u010dana za roko njegove h\u010derke, le ta pa mu je za pogoj postavil, da mora dolino zaliti voda, da bo po h\u010der lahko pri\u0161el s \u010dolnom.<\/p>\n<p>\u0160tebr\u010dan, ves obupan ob nemogo\u010di zahtevi, v svoji zami\u0161ljenosti ob povratku sre\u010da velikega kosmatega mo\u017ea, ki se je dvignil iz jame, v katero so se stekali studenci. Mladi vitez se je mo\u017eu zasmili in zato mu je ta svetoval, kaj naj stori; izdela mo\u010dno mre\u017eo in z njo zapre po\u017eiralno jamo. Mladi zaljubljenec je ubogal navodila in med gradovoma je kmalu valovilo jezero.<\/p>\n<p>Kljub temu, da je pri\u0161el po nevesto s \u010dolnom, pa Karlov\u010dan ni dr\u017eal besede.<\/p>\n<p>Lepota Karlov\u0161ke h\u010dere je slovela dale\u010d okrog. V grad so prihajali razni snubci. Mlada Karlov\u010danka je sklenila ostati zvesta Karlov\u010danu in odbijala vse \u017eenine. Neki plemenita\u0161 je pregovoril Karlov\u010dana, da mu je obljubil h\u010der, vendar pod pogojem, da ga le-ta sama sprejme.&nbsp;Ko je plemenita\u0161 zvedel za ljubezen in vsakono\u010dne obiske \u0160tebr\u010dana pri Karlov\u0161ki, je hitro pripravil ma\u0161\u010devalni na\u010drt.<\/p>\n<p>Nekega ve\u010dera, pripravljalo se je k nevihti, no\u010d je bila temna, se je \u0160tebr\u010dan, tako kot ponavadi odpravil h Karlov\u010danki. Kot vedno je tudi tokrat, kljub temi sledil lu\u010di, ki jo je videl na oknu Karlov\u0161kega gradu. Le ta mu je, po dogovoru med ljubimcema, vsak ve\u010der kazala pot. Tega ve\u010dera pa lu\u010d ni bila na pravem mestu. Premaknil jo je ljubosumni plemenita\u0161.<\/p>\n<p>\u0160tebr\u010dan je ni\u010d hudega slute\u010d zaveslal proti znaku, in takrat ga je zgrabil mo\u010dan vodni vrtinec ter ga potegnil v globino po\u017eiralnika Karlovice. Pene\u010di valovi so zagrnili viteza in ga pokopali v hladni grob.<\/p>\n<p>Ko je lepa Karlov\u010danka zvedela za usodo svojega ljubega, je sko\u010dila \u010dez grajsko obzidje v jezero in utonila. Kaj pa se je zgodilo z jezerom? Kaj s povodnim mo\u017eem? Jezero enkrat je, drugi\u010d ga ni, Jezerko pa \u0161e naprej \u017eivi v na\u0161ih pripovedkah.<\/p>\n<p><span style=\"font-family: Verdana;\">&nbsp;<\/span><\/p>\n<p><span style=\"color: #6ca244; font-size: 20px;\">&nbsp;<\/span><\/p>\n<p><span style=\"color: #6ca244; font-size: 20px;\">Foto utrinki iz <\/span><span style=\"color: #6ca244; font-size: 26px; font-weight: bold;\">5. pohoda od \u0160teberka do Karlovce<\/span><span style=\"color: #6ca244; font-size: 20px;\">,&nbsp;<\/span><span style=\"color: #6ca244; font-size: 20px;\">na Cerkni\u0161kem jezeru,&nbsp;<\/span><span style=\"color: #6ca244; font-size: 20px;\">ki se je zgodil v&nbsp;<\/span><span style=\"color: #6ca244;\"><span style=\"font-weight: bold; font-size: 26px;\">nedeljo, 9. septembra 2018.<\/span><\/span><\/p>\n<p><img loading=\"lazy\" class=\"art-lightbox\" src=\"http:\/\/www.cerknisko-jezero.si\/wp-content\/uploads\/2019\/08\/Slika-1.jpg\" alt=\"\" width=\"337\" height=\"505\"><\/p>\n<p><img loading=\"lazy\" class=\"art-lightbox\" style=\"border-style: solid;\" src=\"http:\/\/www.cerknisko-jezero.si\/wp-content\/uploads\/2019\/08\/Slika-2.jpg\" alt=\"\" width=\"360\" height=\"240\"><img loading=\"lazy\" class=\"art-lightbox\" style=\"border-style: solid;\" src=\"http:\/\/www.cerknisko-jezero.si\/wp-content\/uploads\/2019\/08\/Slika-3.jpg\" alt=\"\" width=\"360\" height=\"240\"><\/p>\n<p><img loading=\"lazy\" class=\"art-lightbox\" style=\"border-style: solid;\" src=\"http:\/\/www.cerknisko-jezero.si\/wp-content\/uploads\/2019\/08\/Slika-4.jpg\" alt=\"\" width=\"720\" height=\"449\"><\/p>\n<p><img loading=\"lazy\" class=\"art-lightbox\" style=\"border-style: solid;\" src=\"http:\/\/www.cerknisko-jezero.si\/wp-content\/uploads\/2019\/08\/Slika-5.jpg\" alt=\"\" width=\"360\" height=\"239\"><img loading=\"lazy\" class=\"art-lightbox\" style=\"border-style: solid;\" src=\"http:\/\/www.cerknisko-jezero.si\/wp-content\/uploads\/2019\/08\/Slika-6.jpg\" alt=\"\" width=\"360\" height=\"217\"><\/p>\n<p><img loading=\"lazy\" class=\"art-lightbox\" style=\"border-style: solid;\" src=\"http:\/\/www.cerknisko-jezero.si\/wp-content\/uploads\/2019\/08\/Slika-7.jpg\" alt=\"\" width=\"360\" height=\"240\"><img loading=\"lazy\" class=\"art-lightbox\" style=\"border-style: solid;\" src=\"http:\/\/www.cerknisko-jezero.si\/wp-content\/uploads\/2019\/08\/Slika-8.jpg\" alt=\"\" width=\"360\" height=\"245\"><\/p>\n<p><span style=\"color: #81b856; font-weight: bold; font-size: 20px;\">&nbsp;<\/span><\/p>\n<p><span style=\"font-family: Verdana;\">&nbsp;<\/span><\/p>\n<p><span style=\"font-weight: bold;\">&nbsp;<\/span><\/p>\n<p><span style=\"color: #6ca244; font-size: 20px;\">Izvedbo<\/span> <span style=\"color: #6ca244; font-size: 26px; font-weight: bold;\">4. pohod od \u0160teberka do Karlovce<\/span><span style=\"color: #6ca244; font-size: 20px;\">,&nbsp;<\/span><\/p>\n<p><span style=\"color: #6ca244; font-size: 20px;\">je prepre\u010dilo slabo vreme, zato foto utrinkovin drugih vtisov iz pohoda ni.&nbsp;<\/span><\/p>\n<p><img loading=\"lazy\" class=\"art-lightbox\" src=\"http:\/\/www.cerknisko-jezero.si\/wp-content\/uploads\/2019\/08\/Vabilo.jpg\" alt=\"\" width=\"313\" height=\"444\"><\/p>\n<p><span style=\"color: #6ca244; font-size: 20px;\">&nbsp;<\/span><\/p>\n<p><span style=\"color: #6ca244; font-size: 20px;\">Za nami je \u017ee<\/span> <span style=\"color: #6ca244; font-size: 26px; font-weight: bold;\">3. pohod od \u0160teberka do Karlovce<\/span><span style=\"color: #6ca244; font-size: 20px;\">,&nbsp;<\/span><\/p>\n<p><span style=\"color: #6ca244; font-size: 20px;\">ki se je zgodil 11. septembra 2016 ob Cerkni\u0161kem jezeru.<\/span><\/p>\n<p>Hvala vsem udele\u017eencem pohoda in vabljeni, da se nam pridru\u017eite tudi prihodnje leto.<br>Ve\u010d foto utrinkiv, ki jih je prispevala Anja Tur\u0161i\u010d si lahko ogledate na <a href=\"https:\/\/plus.google.com\/photos\/104400644532053408634\/albums\/6329867831701829153\">tej povezavi<\/a>.<\/p>\n<p><img loading=\"lazy\" class=\"art-lightbox\" style=\"cursor: pointer; border-style: solid;\" src=\"http:\/\/www.cerknisko-jezero.si\/wp-content\/uploads\/2019\/08\/pohod-1.jpg\" alt=\"\" width=\"378\" height=\"235\">&nbsp;<img loading=\"lazy\" class=\"art-lightbox\" style=\"border-style: solid;\" src=\"http:\/\/www.cerknisko-jezero.si\/wp-content\/uploads\/2019\/08\/pohod-2.jpg\" alt=\"\" width=\"378\" height=\"221\"><span style=\"color: #6ca244; font-size: 20px;\"><br><\/span><\/p>\n<p><img loading=\"lazy\" class=\"art-lightbox\" style=\"border-style: solid;\" src=\"http:\/\/www.cerknisko-jezero.si\/wp-content\/uploads\/2019\/08\/Pohod-3.jpg\" alt=\"\" width=\"378\" height=\"222\">&nbsp;&nbsp;&nbsp;<img loading=\"lazy\" class=\"art-lightbox\" style=\"border-style: solid;\" src=\"http:\/\/www.cerknisko-jezero.si\/wp-content\/uploads\/2019\/08\/Pohod-4.jpg\" alt=\"\" width=\"378\" height=\"211\"><\/p>\n<p><img loading=\"lazy\" class=\"art-lightbox\" style=\"border-style: solid;\" src=\"http:\/\/www.cerknisko-jezero.si\/wp-content\/uploads\/2019\/08\/Pohod-5.jpg\" alt=\"\" width=\"378\" height=\"211\">&nbsp;&nbsp;<img loading=\"lazy\" class=\"art-lightbox\" style=\"border-style: solid;\" src=\"http:\/\/www.cerknisko-jezero.si\/wp-content\/uploads\/2019\/08\/Pohod-6.jpg\" alt=\"\" width=\"378\" height=\"212\"><\/p>\n<p><span style=\"color: #6ca244; font-size: 20px;\">Foto utrinki prvega in drugega pohoda okrog Cerkni\u0161kega jezera<\/span><span style=\"font-size: 26px; color: #6ca244;\">&nbsp;<\/span><\/p>\n<p><span style=\"font-weight: bold; font-size: 26px; color: #6ca244;\">od \u0160teberka do Karlovce<\/span><\/p>\n<p><img loading=\"lazy\" class=\"art-lightbox\" style=\"border-style: solid;\" src=\"http:\/\/www.cerknisko-jezero.si\/wp-content\/uploads\/2019\/08\/Pohod_5.jpg\" alt=\"\" width=\"798\" height=\"299\"><span style=\"font-weight: bold; font-size: 26px; color: #6ca244;\"><br><\/span><\/p>\n<p><img loading=\"lazy\" class=\"art-lightbox\" style=\"border-style: solid;\" src=\"http:\/\/www.cerknisko-jezero.si\/wp-content\/uploads\/2019\/08\/Pohod-5-2.jpg\" alt=\"\" width=\"544\" height=\"567\"><\/p>\n<p><img loading=\"lazy\" class=\"art-lightbox\" style=\"border-style: solid;\" src=\"http:\/\/www.cerknisko-jezero.si\/wp-content\/uploads\/2019\/08\/Pohod-7-2.jpg\" alt=\"\" width=\"255\" height=\"169\">&nbsp;<img loading=\"lazy\" class=\"art-lightbox\" style=\"border-style: solid;\" src=\"http:\/\/www.cerknisko-jezero.si\/wp-content\/uploads\/2019\/08\/Pohod-10-2.jpg\" alt=\"\" width=\"255\" height=\"169\">&nbsp;<img loading=\"lazy\" class=\"art-lightbox\" style=\"border-style: solid;\" src=\"http:\/\/www.cerknisko-jezero.si\/wp-content\/uploads\/2019\/08\/Pohod-11-2.jpg\" alt=\"\" width=\"255\" height=\"169\"><\/p>\n<p><img loading=\"lazy\" class=\"art-lightbox\" style=\"border-style: solid;\" src=\"http:\/\/www.cerknisko-jezero.si\/wp-content\/uploads\/2019\/08\/Pohod-13-2.jpg\" alt=\"\" width=\"151\" height=\"227\">&nbsp;<img loading=\"lazy\" class=\"art-lightbox\" style=\"border-style: solid;\" src=\"http:\/\/www.cerknisko-jezero.si\/wp-content\/uploads\/2019\/08\/Pohod-14-2.jpg\" alt=\"\" width=\"151\" height=\"227\">&nbsp;<img loading=\"lazy\" class=\"art-lightbox\" style=\"border-style: solid;\" src=\"http:\/\/www.cerknisko-jezero.si\/wp-content\/uploads\/2019\/08\/Pohod-15-2.jpg\" alt=\"\" width=\"151\" height=\"227\">&nbsp;<img loading=\"lazy\" class=\"art-lightbox\" style=\"border-style: solid;\" src=\"http:\/\/www.cerknisko-jezero.si\/wp-content\/uploads\/2019\/08\/Pohod-26-2.jpg\" alt=\"\" width=\"151\" height=\"227\"><\/p>\n<p><img loading=\"lazy\" class=\"art-lightbox\" style=\"border-style: solid;\" src=\"http:\/\/www.cerknisko-jezero.si\/wp-content\/uploads\/2019\/08\/Pohod-23-2.jpg\" alt=\"\" width=\"255\" height=\"169\">&nbsp;&nbsp;<img loading=\"lazy\" class=\"art-lightbox\" style=\"border-style: solid;\" src=\"http:\/\/www.cerknisko-jezero.si\/wp-content\/uploads\/2019\/08\/Pohod-35-2.jpg\" alt=\"\" width=\"255\" height=\"169\">&nbsp;<img loading=\"lazy\" class=\"art-lightbox\" style=\"border-style: solid;\" src=\"http:\/\/www.cerknisko-jezero.si\/wp-content\/uploads\/2019\/08\/Pohod-48-2.jpg\" alt=\"\" width=\"255\" height=\"169\"><\/p>\n<p>\u0160e ve\u010d foto utrinkov si lahko ogledate na na\u0161i <a href=\"https:\/\/www.facebook.com\/media\/set\/?set=a.1473549256249727.1073741831.1382939411977379&amp;type=1\">Facebook strani<\/a>.<\/p>\n<p>Oglejte si tudi kratek <a href=\"https:\/\/www.youtube.com\/watch?v=0LQOWjRmFdU\">film<\/a>, ki nam ga je pripravil udele\u017eenec pohoda&nbsp;Milan Topolovec.<\/p>\n<p><img loading=\"lazy\" class=\"art-lightbox\" style=\"border-style: solid;\" src=\"http:\/\/www.cerknisko-jezero.si\/wp-content\/uploads\/2019\/08\/Vabilo-2.jpg\" alt=\"\" width=\"800\" height=\"564\"><\/p>\n<p><img loading=\"lazy\" class=\"art-lightbox\" style=\"border-style: solid;\" src=\"http:\/\/www.cerknisko-jezero.si\/wp-content\/uploads\/2019\/08\/Slivniski_pogledi.jpg\" alt=\"\" width=\"775\" height=\"977\"><\/p>\n<\/div>\n<\/div>\n<\/div>\n\n\n<p><\/p>\n","protected":false},"excerpt":{"rendered":"<p>Turisti\u010dno dru\u0161tvo Cerkni\u0161ko jezero vas vabi na 12. pohod od \u0160teberka do Karlovce na Cerkni\u0161kem jezeru, ki bo v nedeljo, 14. septembra 2025. OPIS POTI in INFORMACIJE Cerkni\u0161ko jezero v\u010dasih prekriva voda, v\u010dasih pa ne, zato smo se odlo\u010dili speljati pohod po poteh ob tem na\u0161em biseru. Pohod bomo pri\u010deli v Pod\u0161teberku (uradno del vasi [&hellip;]<\/p>\n","protected":false},"author":1,"featured_media":0,"parent":13220,"menu_order":13,"comment_status":"closed","ping_status":"closed","template":"","meta":[],"_links":{"self":[{"href":"https:\/\/www.cerknisko-jezero.si\/index.php?rest_route=\/wp\/v2\/pages\/13223"}],"collection":[{"href":"https:\/\/www.cerknisko-jezero.si\/index.php?rest_route=\/wp\/v2\/pages"}],"about":[{"href":"https:\/\/www.cerknisko-jezero.si\/index.php?rest_route=\/wp\/v2\/types\/page"}],"author":[{"embeddable":true,"href":"https:\/\/www.cerknisko-jezero.si\/index.php?rest_route=\/wp\/v2\/users\/1"}],"replies":[{"embeddable":true,"href":"https:\/\/www.cerknisko-jezero.si\/index.php?rest_route=%2Fwp%2Fv2%2Fcomments&post=13223"}],"version-history":[{"count":20,"href":"https:\/\/www.cerknisko-jezero.si\/index.php?rest_route=\/wp\/v2\/pages\/13223\/revisions"}],"predecessor-version":[{"id":13922,"href":"https:\/\/www.cerknisko-jezero.si\/index.php?rest_route=\/wp\/v2\/pages\/13223\/revisions\/13922"}],"up":[{"embeddable":true,"href":"https:\/\/www.cerknisko-jezero.si\/index.php?rest_route=\/wp\/v2\/pages\/13220"}],"wp:attachment":[{"href":"https:\/\/www.cerknisko-jezero.si\/index.php?rest_route=%2Fwp%2Fv2%2Fmedia&parent=13223"}],"curies":[{"name":"wp","href":"https:\/\/api.w.org\/{rel}","templated":true}]}}