{"id":13221,"date":"2019-08-19T18:48:35","date_gmt":"2019-08-19T16:48:35","guid":{"rendered":"http:\/\/www.cerknisko-jezero.si\/o-drustvu\/beneska-slovenija"},"modified":"2019-08-19T18:48:35","modified_gmt":"2019-08-19T16:48:35","slug":"beneska-slovenija","status":"publish","type":"page","link":"https:\/\/www.cerknisko-jezero.si\/?page_id=13221","title":{"rendered":"Beneska Slovenija"},"content":{"rendered":"<div class=\"art-content-layout\">\n<div class=\"art-content-layout-row\">\n<div class=\"art-layout-cell\" style=\"width: 100%\">\n<p style=\"text-align: center;\"><span style=\"color: rgb(108, 162, 68); font-size: 26px; font-weight: bold;\">Ekskurzija po Bene\u0161ki Sloveniji<\/span><\/p>\n<p style=\"text-align: center;\"><span style=\"color: rgb(108, 162, 68); font-style: italic; font-size: 20px;\">14. marec 2015<\/span><\/p>\n<p style=\"text-align: center;\"><span class=\"fbPhotoCaptionText\">Potepali smo se po Bene\u0161ki Sloveniji. Smo \u0161li pogledat kako se gredo turizem tam &#8230;&nbsp;<\/span><\/p>\n<p style=\"text-align: center;\"><span class=\"fbPhotoCaptionText\">O na\u0161em obisku sosedov so se razpisali tudi v Slivni\u0161kih pogledih (\u0161t. 7, str. 15) in <a href=\"http:\/\/notranjskoprimorske.si\/skok-v-benecijo-razprseni-hotel-primer-dobre-prakse-idealen-tudi-za-naso-regijo\/\">Notranjsko-Primorskih novicah<\/a>.<\/span><\/p>\n<p style=\"text-align: center;\"><span class=\"fbPhotoCaptionText\">\u0160e ve\u010d foto utrinkov si oglejte na na\u0161i <a href=\"https:\/\/www.facebook.com\/media\/set\/?set=a.1559728530965132.1073741837.1382939411977379&amp;type=1\">Facebook strani<\/a>.<\/span><\/p>\n<p style=\"text-align: center;\"><img loading=\"lazy\" width=\"350\" height=\"263\" alt=\"\" class=\"art-lightbox\" src=\"http:\/\/www.cerknisko-jezero.si\/wp-content\/uploads\/2019\/08\/IMG_3239.jpg\">&nbsp;<img loading=\"lazy\" width=\"350\" height=\"263\" alt=\"\" class=\"art-lightbox\" src=\"http:\/\/www.cerknisko-jezero.si\/wp-content\/uploads\/2019\/08\/IMG_3253.jpg\"><span style=\"color: rgb(108, 162, 68); font-style: italic; font-size: 20px;\"><br \/><\/span><\/p>\n<p style=\"text-align: left;\"><span style=\"font-size: 10px; font-style: italic;\">foto: Jo\u0161ko Cerkvenik<\/span><\/p>\n<p style=\"text-align: left;\"><img loading=\"lazy\" width=\"400\" height=\"583\" alt=\"\" class=\"art-lightbox\" src=\"http:\/\/www.cerknisko-jezero.si\/wp-content\/uploads\/2019\/08\/Benecija.jpg\"><span style=\"font-size: 10px; font-style: italic;\"><br \/><\/span><\/p>\n<p style=\"text-align: left;\"><span style=\"font-size: 10px; font-style: italic;\">Vir: Slivni\u0161ki pogledi \u0161t. 7<\/span><\/p>\n<\/div>\n<\/div>\n<\/div>\n","protected":false},"excerpt":{"rendered":"<p>Ekskurzija po Bene\u0161ki Sloveniji 14. marec 2015 Potepali smo se po Bene\u0161ki Sloveniji. Smo \u0161li pogledat kako se gredo turizem tam &#8230;&nbsp; O na\u0161em obisku sosedov so se razpisali tudi v Slivni\u0161kih pogledih (\u0161t. 7, str. 15) in Notranjsko-Primorskih novicah. \u0160e ve\u010d foto utrinkov si oglejte na na\u0161i Facebook strani. &nbsp; foto: Jo\u0161ko Cerkvenik Vir: [&hellip;]<\/p>\n","protected":false},"author":1,"featured_media":0,"parent":13220,"menu_order":11,"comment_status":"closed","ping_status":"closed","template":"","meta":[],"_links":{"self":[{"href":"https:\/\/www.cerknisko-jezero.si\/index.php?rest_route=\/wp\/v2\/pages\/13221"}],"collection":[{"href":"https:\/\/www.cerknisko-jezero.si\/index.php?rest_route=\/wp\/v2\/pages"}],"about":[{"href":"https:\/\/www.cerknisko-jezero.si\/index.php?rest_route=\/wp\/v2\/types\/page"}],"author":[{"embeddable":true,"href":"https:\/\/www.cerknisko-jezero.si\/index.php?rest_route=\/wp\/v2\/users\/1"}],"replies":[{"embeddable":true,"href":"https:\/\/www.cerknisko-jezero.si\/index.php?rest_route=%2Fwp%2Fv2%2Fcomments&post=13221"}],"version-history":[{"count":0,"href":"https:\/\/www.cerknisko-jezero.si\/index.php?rest_route=\/wp\/v2\/pages\/13221\/revisions"}],"up":[{"embeddable":true,"href":"https:\/\/www.cerknisko-jezero.si\/index.php?rest_route=\/wp\/v2\/pages\/13220"}],"wp:attachment":[{"href":"https:\/\/www.cerknisko-jezero.si\/index.php?rest_route=%2Fwp%2Fv2%2Fmedia&parent=13221"}],"curies":[{"name":"wp","href":"https:\/\/api.w.org\/{rel}","templated":true}]}}