{"id":13220,"date":"2019-08-19T18:48:34","date_gmt":"2019-08-19T16:48:34","guid":{"rendered":"http:\/\/www.cerknisko-jezero.si\/o-drustvu"},"modified":"2019-08-19T18:48:34","modified_gmt":"2019-08-19T16:48:34","slug":"o-drustvu","status":"publish","type":"page","link":"https:\/\/www.cerknisko-jezero.si\/?page_id=13220","title":{"rendered":"O dru\u0161tvu"},"content":{"rendered":"<div class=\"art-content-layout\">\n<div class=\"art-content-layout-row\">\n<div class=\"art-layout-cell\" style=\"width: 50%\" >\n<p><span style=\"font-family: Verdana;\"><span style=\"font-family: Verdana; color: rgb(108, 162, 68); font-weight: bold; font-size: 20px;\">O DRU\u0160TVU<\/span><\/span><\/p>\n<p><span style=\"font-family: Verdana;\"><span style=\"font-family: Verdana; color: rgb(108, 162, 68); font-weight: bold; font-size: 20px;\"><br \/><\/span><\/span><\/p>\n<p><span style=\"font-size: 16px;\">TD<br \/>\n         Cerkni\u0161ko jezero na obmo\u010dju Cerkni\u0161kega jezera in okolice ponuja<br \/>\n         pestro paleto razli\u010dnih aktivnosti, od tematsko obarvanih pohodov do<br \/>\n         strokovnega vodenja z vodi\u010di po naravnih in kulturnih zanimivostih<br \/>\n         tega dela Slovenije. Na enem mestu najdete informacije o mo\u017enostih<br \/>\n         preno\u010ditev na turisti\u010dnih in eko kmetijah, gostinski ponudbi in<br \/>\n         naravi na Notranjskem. Cerknica je za turista, ki \u017eeli u\u017eivati v<br \/>\n         naravi, poslu\u0161anju pti\u010djega petja in regljanja \u017eab, vre\u0161\u010danju<br \/>\n         slivni\u0161kih \u010darovnic v pustnem \u010dasu \u2026 idealno mesto. Je naravno<br \/>\n         izhodi\u0161\u010de za pot do Blo\u0161ke planote in spoznavanje Blo\u0161kega<br \/>\n         smu\u010darja, izlet v podzemni svet Kri\u017ene jame, sprehod po<br \/>\n         pre\u010dudovitih poteh Rakovega \u0160kocjana, vzpon na Slivnico, Sne\u017enik \u2026 Skratka, tu se najde za vsakega nekaj.<\/span>\n    <\/div>\n<div class=\"art-layout-cell\" style=\"width: 50%\" >\n<p style=\"text-align: right;\"><img loading=\"lazy\" width=\"300\" height=\"300\" alt=\"\" class=\"art-lightbox\" src=\"http:\/\/www.cerknisko-jezero.si\/wp-content\/uploads\/2019\/08\/Logotip_curves.jpg\"><\/p>\n<\/p><\/div>\n<\/p><\/div>\n<\/div>\n","protected":false},"excerpt":{"rendered":"<p>O DRU\u0160TVU TD Cerkni\u0161ko jezero na obmo\u010dju Cerkni\u0161kega jezera in okolice ponuja pestro paleto razli\u010dnih aktivnosti, od tematsko obarvanih pohodov do strokovnega vodenja z vodi\u010di po naravnih in kulturnih zanimivostih tega dela Slovenije. Na enem mestu najdete informacije o mo\u017enostih preno\u010ditev na turisti\u010dnih in eko kmetijah, gostinski ponudbi in naravi na Notranjskem. Cerknica je za [&hellip;]<\/p>\n","protected":false},"author":1,"featured_media":0,"parent":0,"menu_order":10,"comment_status":"closed","ping_status":"closed","template":"","meta":[],"_links":{"self":[{"href":"https:\/\/www.cerknisko-jezero.si\/index.php?rest_route=\/wp\/v2\/pages\/13220"}],"collection":[{"href":"https:\/\/www.cerknisko-jezero.si\/index.php?rest_route=\/wp\/v2\/pages"}],"about":[{"href":"https:\/\/www.cerknisko-jezero.si\/index.php?rest_route=\/wp\/v2\/types\/page"}],"author":[{"embeddable":true,"href":"https:\/\/www.cerknisko-jezero.si\/index.php?rest_route=\/wp\/v2\/users\/1"}],"replies":[{"embeddable":true,"href":"https:\/\/www.cerknisko-jezero.si\/index.php?rest_route=%2Fwp%2Fv2%2Fcomments&post=13220"}],"version-history":[{"count":0,"href":"https:\/\/www.cerknisko-jezero.si\/index.php?rest_route=\/wp\/v2\/pages\/13220\/revisions"}],"wp:attachment":[{"href":"https:\/\/www.cerknisko-jezero.si\/index.php?rest_route=%2Fwp%2Fv2%2Fmedia&parent=13220"}],"curies":[{"name":"wp","href":"https:\/\/api.w.org\/{rel}","templated":true}]}}