{"id":13219,"date":"2019-08-19T18:48:33","date_gmt":"2019-08-19T16:48:33","guid":{"rendered":"http:\/\/www.cerknisko-jezero.si\/narava\/slivnica"},"modified":"2019-08-19T18:48:33","modified_gmt":"2019-08-19T16:48:33","slug":"slivnica","status":"publish","type":"page","link":"https:\/\/www.cerknisko-jezero.si\/?page_id=13219","title":{"rendered":"Slivnica"},"content":{"rendered":"<div class=\"art-content-layout\">\n<div class=\"art-content-layout-row\">\n<div class=\"art-layout-cell layout-item-0\" style=\"width: 25%\" >\n<h4 style=\"color: rgb(41, 61, 26); text-align: center;\"><a href=\"\/narava\/cerknisko-jezero\" target=\"_top\" style=\"text-decoration: underline; color: rgb(150, 196, 115);\" rel=\"noopener noreferrer\"><img loading=\"lazy\" width=\"150\" height=\"150\" alt=\"\" src=\"http:\/\/www.cerknisko-jezero.si\/wp-content\/uploads\/2019\/08\/CerkniskoJezero1.png\" style=\"margin-top: 5px; margin-right: 5px; margin-bottom: 5px; margin-left: 5px;\" class=\"\"><\/a><\/h4>\n<h4 style=\"text-align: center;\"><span style=\"-webkit-border-horizontal-spacing: 10px;\"><span style=\"font-size: 24px; font-weight: bold; color: #6CA244;\">Cerkni\u0161ko&nbsp;<\/span><\/span><\/h4>\n<h4 style=\"text-align: center;\"><span style=\"-webkit-border-horizontal-spacing: 10px;\"><span style=\"font-size: 24px; font-weight: bold; color: #6CA244;\">jezero<\/span><\/span><\/h4>\n<\/p><\/div>\n<div class=\"art-layout-cell layout-item-0\" style=\"width: 25%\" >\n<h4 style=\"color: rgb(41, 61, 26); text-align: center;\"><a href=\"\/narava\/rakov-skocjan\" style=\"text-decoration: underline; color: rgb(150, 196, 115);\" target=\"_top\" rel=\"noopener noreferrer\"><img loading=\"lazy\" width=\"150\" height=\"150\" alt=\"\" src=\"http:\/\/www.cerknisko-jezero.si\/wp-content\/uploads\/2019\/08\/Skocjan.png\" style=\"margin-top: 5px; margin-right: 5px; margin-bottom: 5px; margin-left: 5px;\" class=\"\"><\/a><\/h4>\n<h4 style=\"text-align: center;\"><span style=\"color: rgb(108, 162, 68); font-size: 24px; font-weight: bold; -webkit-border-horizontal-spacing: 10px;\">Rakov<\/span><\/h4>\n<h4 style=\"text-align: center;\"><span style=\"color: rgb(108, 162, 68); font-size: 24px; font-weight: bold; -webkit-border-horizontal-spacing: 10px;\">\u0160kocjan<\/span><\/h4>\n<\/p><\/div>\n<div class=\"art-layout-cell layout-item-0\" style=\"width: 25%\" >\n<h4 style=\"color: rgb(41, 61, 26); text-align: center;\"><a href=\"\/narava\/krizna-jama\" style=\"text-decoration: underline; color: rgb(150, 196, 115);\" target=\"_top\" rel=\"noopener noreferrer\"><img loading=\"lazy\" width=\"150\" height=\"150\" alt=\"\" src=\"http:\/\/www.cerknisko-jezero.si\/wp-content\/uploads\/2019\/08\/KriznaJama.png\" style=\"margin-top: 5px; margin-right: 5px; margin-bottom: 5px; margin-left: 5px;\" class=\"\"><\/a><\/h4>\n<h4 style=\"text-align: center;\"><span style=\"font-size: 24px; font-weight: bold; -webkit-border-horizontal-spacing: 10px; color: #6CA244;\">Kri\u017ena&nbsp;<\/span><\/h4>\n<h4 style=\"text-align: center;\"><span style=\"font-size: 24px; font-weight: bold; -webkit-border-horizontal-spacing: 10px; color: #6CA244;\">jama<\/span><\/h4>\n<\/p><\/div>\n<div class=\"art-layout-cell layout-item-0\" style=\"width: 25%\" >\n<h4 style=\"color: rgb(41, 61, 26); text-align: center;\"><a href=\"\/narava\/slivnica\" style=\"text-decoration: underline; color: rgb(150, 196, 115);\" target=\"_top\" rel=\"noopener noreferrer\"><img loading=\"lazy\" width=\"150\" height=\"150\" alt=\"\" src=\"http:\/\/www.cerknisko-jezero.si\/wp-content\/uploads\/2019\/08\/Slivnica.png\" style=\"margin-top: 5px; margin-right: 5px; margin-bottom: 5px; margin-left: 5px;\" class=\"\"><\/a><\/h4>\n<h4 style=\"text-align: center;\"><span style=\"font-size: 24px; font-weight: bold; -webkit-border-horizontal-spacing: 10px; color: #0E4D95;\">Slivnica&nbsp;<\/span><\/h4>\n<h4 style=\"text-align: center;\"><span style=\"font-size: 24px; font-weight: bold; -webkit-border-horizontal-spacing: 10px; color: #0E4D95;\">1114 m<\/span><\/h4>\n<\/p><\/div>\n<\/p><\/div>\n<\/div>\n<div class=\"art-content-layout\">\n<div class=\"art-content-layout-row\">\n<div class=\"art-layout-cell layout-item-0\" style=\"width: 100%\" >\n<p style=\"text-align: center;\"><span style=\"font-weight: bold; color: rgb(14, 77, 149); font-size: 20px;\"><br \/><\/span><\/p>\n<p style=\"text-align: center;\"><span style=\"font-weight: bold; color: rgb(14, 77, 149); font-size: 20px;\">Slivnica<\/span><\/p>\n<p>Slivnica je 1114 m visok vrh, ki se nahaja severno od Cerkni\u0161kega polja.<br \/>\n         Z vrha, na katerem se nahaja vpisna skrinjica je razgled zaradi<br \/>\n         bli\u017enjega gozda in oddajnikov precej omejen.<\/p>\n<p><span style=\"font-weight: bold;\">Dostop do izhodi\u0161\u010da:<\/span><\/p>\n<p>Z avtoceste Ljubljana &#8211; Koper se usmerimo na izvoz Unec in cesti naprej<br \/>\n         sledimo v smeri Cerknice. Le nekaj 100 m pred Cerknico bomo pri\u0161li na<br \/>\n         kri\u017ei\u0161\u010de, kjer se v levo odcepi cesta proti Begunjam in Slivnici. Tu<br \/>\n         nadaljujemo naravnost (ne v smeri Slivnice) po cesti, ki nas kmalu<br \/>\n         pripelje v sredi\u0161\u010de naselja. Ko bomo prevozili most preko reke<br \/>\n         Cerkni\u0161\u010dice, pa postanemo pozorni, saj se bo le nekoliko naprej v levo<br \/>\n         odcepila cesta, ki nas bo pripeljala do na\u0161ega izhodi\u0161\u010da. Pribli\u017eno 50 m<br \/>\n         za diskontom Hura, bomo na levi strani ceste opazili planinske oznake<br \/>\n         za dom na Slivnici, ki nas usmerijo levo na vzpenjajo\u010do cesto. Po<br \/>\n         kratkem vzponu bomo opazili za\u010detek pe\u0161 poti, mi pa na nasprotni strani<br \/>\n         le te parkiramo na asfaltiranem parkiri\u0161\u010du.<\/p>\n<p><b>Opis poti:<\/b><\/p>\n<p>S parkiri\u0161\u010da najprej pre\u010dimo cesto, nato pa se usmerimo na pe\u0161 pot v<br \/>\n         smeri doma na Slivnici. Pot se najprej zlo\u017eno vzpne skozi pas grmi\u010devja,<br \/>\n         nato pa preide v borov gozd, kjer se za\u010dne nekoliko strmeje vzpenjati.<br \/>\n         Vi\u0161je pre\u010dimo nekaj gozdnih cest, nakar se pot skoraj povsem polo\u017ei.<br \/>\n         Sledi nekaj minutna hoja skozi me\u0161ani gozd, nato pa se priklju\u010di slab\u0161i<br \/>\n         gozdni cesti, kateri pa sledimo le nekaj 10 m. Naprej nas markacije<br \/>\n         usmerijo rahlo desno v pas grmi\u010devja, pot pa nas nato preko pa\u0161ne ograje<br \/>\n         pripelje na prostrana travnata pobo\u010dja Slivnice. Z zlo\u017ene poti, ki nas<br \/>\n         naprej vodi \u010dez omenjena travnata pobo\u010dja, pa se nam odpirajo lepi<br \/>\n         razgledi na greben Javornikov in Cerkni\u0161ko polje s cerkni\u0161kim jezerom.<br \/>\n         Naprej pot preide v pas redkega borovega gozda in se za\u010dne zmerno<br \/>\n         vzpenjati. Ko ponovno stopimo iz gozda, pa pred seboj \u017ee zagledamo dom<br \/>\n         na Slivnici, do katerega nas lo\u010di le \u0161e 5 minut lahkotne hoje.&nbsp;Planinski<br \/>\n         dom obidemo po desni strani, markacije pa nas usmerijo v gozd na zmerno<br \/>\n         strmo pe\u0161 pot, ki se naprej vzpenja preko zlo\u017enih stopnic. Omenjena pot<br \/>\n         se izte\u010de na obra\u010dali\u0161\u010du (parkiri\u0161\u010du) gozdne ceste na Slivnico. Z<br \/>\n         obra\u010dali\u0161\u010da nadaljujemo po deloma zara\u0161\u010deni poti, ki se vzpne skozi pas<br \/>\n         malinovja, nato pa preide na travnato pobo\u010dje, \u010dez katerega se v nekaj<br \/>\n         10 korakih nadaljnje hoje povzpnemo na vrh 1114 m visoke Slivnice.<\/p>\n<p><a href=\"https:\/\/www.k8dizajn.si\/cerknisko-jezero.html#slivnica\">Fotografije s Slivnice<\/a><\/p>\n<\/p><\/div>\n<\/p><\/div>\n<\/div>\n","protected":false},"excerpt":{"rendered":"<p>Cerkni\u0161ko&nbsp; jezero Rakov \u0160kocjan Kri\u017ena&nbsp; jama Slivnica&nbsp; 1114 m Slivnica Slivnica je 1114 m visok vrh, ki se nahaja severno od Cerkni\u0161kega polja. Z vrha, na katerem se nahaja vpisna skrinjica je razgled zaradi bli\u017enjega gozda in oddajnikov precej omejen. Dostop do izhodi\u0161\u010da: Z avtoceste Ljubljana &#8211; Koper se usmerimo na izvoz Unec in cesti [&hellip;]<\/p>\n","protected":false},"author":1,"featured_media":0,"parent":13215,"menu_order":9,"comment_status":"closed","ping_status":"closed","template":"","meta":[],"_links":{"self":[{"href":"https:\/\/www.cerknisko-jezero.si\/index.php?rest_route=\/wp\/v2\/pages\/13219"}],"collection":[{"href":"https:\/\/www.cerknisko-jezero.si\/index.php?rest_route=\/wp\/v2\/pages"}],"about":[{"href":"https:\/\/www.cerknisko-jezero.si\/index.php?rest_route=\/wp\/v2\/types\/page"}],"author":[{"embeddable":true,"href":"https:\/\/www.cerknisko-jezero.si\/index.php?rest_route=\/wp\/v2\/users\/1"}],"replies":[{"embeddable":true,"href":"https:\/\/www.cerknisko-jezero.si\/index.php?rest_route=%2Fwp%2Fv2%2Fcomments&post=13219"}],"version-history":[{"count":0,"href":"https:\/\/www.cerknisko-jezero.si\/index.php?rest_route=\/wp\/v2\/pages\/13219\/revisions"}],"up":[{"embeddable":true,"href":"https:\/\/www.cerknisko-jezero.si\/index.php?rest_route=\/wp\/v2\/pages\/13215"}],"wp:attachment":[{"href":"https:\/\/www.cerknisko-jezero.si\/index.php?rest_route=%2Fwp%2Fv2%2Fmedia&parent=13219"}],"curies":[{"name":"wp","href":"https:\/\/api.w.org\/{rel}","templated":true}]}}