{"id":13218,"date":"2019-08-19T18:48:32","date_gmt":"2019-08-19T16:48:32","guid":{"rendered":"http:\/\/www.cerknisko-jezero.si\/narava\/krizna-jama"},"modified":"2019-08-19T18:48:32","modified_gmt":"2019-08-19T16:48:32","slug":"krizna-jama","status":"publish","type":"page","link":"https:\/\/www.cerknisko-jezero.si\/?page_id=13218","title":{"rendered":"Kri\u017ena jama"},"content":{"rendered":"<div class=\"art-content-layout\">\n<div class=\"art-content-layout-row\">\n<div class=\"art-layout-cell layout-item-0\" style=\"width: 25%\" >\n<h4 style=\"color: rgb(41, 61, 26); text-align: center;\"><a href=\"\/narava\/cerknisko-jezero\" target=\"_top\" style=\"text-decoration: underline; color: rgb(150, 196, 115);\" rel=\"noopener noreferrer\"><img loading=\"lazy\" width=\"150\" height=\"150\" alt=\"\" src=\"http:\/\/www.cerknisko-jezero.si\/wp-content\/uploads\/2019\/08\/CerkniskoJezero1.png\" style=\"margin-top: 5px; margin-right: 5px; margin-bottom: 5px; margin-left: 5px;\"><\/a><\/h4>\n<h4 style=\"text-align: center;\"><span style=\"-webkit-border-horizontal-spacing: 10px;\"><span style=\"font-size: 24px; font-weight: bold; color: #6CA244;\">Cerkni\u0161ko&nbsp;<\/span><\/span><\/h4>\n<h4 style=\"text-align: center;\"><span style=\"-webkit-border-horizontal-spacing: 10px;\"><span style=\"font-size: 24px; font-weight: bold; color: #6CA244;\">jezero<\/span><\/span><\/h4>\n<\/p><\/div>\n<div class=\"art-layout-cell layout-item-0\" style=\"width: 25%\" >\n<h4 style=\"color: rgb(41, 61, 26); text-align: center;\"><a href=\"\/narava\/rakov-skocjan\" style=\"text-decoration: underline; color: rgb(150, 196, 115);\" target=\"_top\" rel=\"noopener noreferrer\"><img loading=\"lazy\" width=\"150\" height=\"150\" alt=\"\" src=\"http:\/\/www.cerknisko-jezero.si\/wp-content\/uploads\/2019\/08\/Skocjan.png\" style=\"margin-top: 5px; margin-right: 5px; margin-bottom: 5px; margin-left: 5px; \" class=\"\"><\/a><\/h4>\n<h4 style=\"text-align: center;\"><span style=\"color: rgb(108, 162, 68); font-size: 24px; font-weight: bold; -webkit-border-horizontal-spacing: 10px;\">Rakov<\/span><\/h4>\n<h4 style=\"text-align: center;\"><span style=\"color: rgb(108, 162, 68); font-size: 24px; font-weight: bold; -webkit-border-horizontal-spacing: 10px;\">\u0160kocjan<\/span><\/h4>\n<\/p><\/div>\n<div class=\"art-layout-cell layout-item-0\" style=\"width: 25%\" >\n<h4 style=\"color: rgb(41, 61, 26); text-align: center;\"><a href=\"\/narava\/krizna-jama\" style=\"text-decoration: underline; color: rgb(150, 196, 115);\" target=\"_top\" rel=\"noopener noreferrer\"><img loading=\"lazy\" width=\"150\" height=\"150\" alt=\"\" src=\"http:\/\/www.cerknisko-jezero.si\/wp-content\/uploads\/2019\/08\/KriznaJama.png\" style=\"margin-top: 5px; margin-right: 5px; margin-bottom: 5px; margin-left: 5px;\" class=\"\"><\/a><\/h4>\n<h4 style=\"text-align: center;\"><span style=\"font-size: 24px; font-weight: bold; -webkit-border-horizontal-spacing: 10px; color: #0E4D95;\">Kri\u017ena&nbsp;<\/span><\/h4>\n<h4 style=\"text-align: center;\"><span style=\"font-size: 24px; font-weight: bold; -webkit-border-horizontal-spacing: 10px; color: #0E4D95;\">jama<\/span><\/h4>\n<\/p><\/div>\n<div class=\"art-layout-cell layout-item-0\" style=\"width: 25%\" >\n<h4 style=\"color: rgb(41, 61, 26); text-align: center;\"><a href=\"\/narava\/slivnica\" style=\"text-decoration: underline; color: rgb(150, 196, 115);\" target=\"_top\" rel=\"noopener noreferrer\"><img loading=\"lazy\" width=\"150\" height=\"150\" alt=\"\" src=\"http:\/\/www.cerknisko-jezero.si\/wp-content\/uploads\/2019\/08\/Slivnica.png\" style=\"margin-top: 5px; margin-right: 5px; margin-bottom: 5px; margin-left: 5px;\" class=\"\"><\/a><\/h4>\n<h4 style=\"text-align: center;\"><span style=\"color: rgb(108, 162, 68); font-size: 24px; font-weight: bold; -webkit-border-horizontal-spacing: 10px;\">Slivnica&nbsp;<\/span><\/h4>\n<h4 style=\"text-align: center;\"><span style=\"color: rgb(108, 162, 68); font-size: 24px; font-weight: bold; -webkit-border-horizontal-spacing: 10px;\">1114 m<\/span><\/h4>\n<\/p><\/div>\n<\/p><\/div>\n<\/div>\n<div class=\"art-content-layout\">\n<div class=\"art-content-layout-row\">\n<div class=\"art-layout-cell layout-item-0\" style=\"width: 100%\" >\n<p style=\"text-align: center;\"><span style=\"font-weight: bold; color: rgb(14, 77, 149); font-size: 20px;\"><br \/><\/span><\/p>\n<p style=\"text-align: center;\"><span style=\"font-weight: bold; color: rgb(14, 77, 149); font-size: 20px;\">Kri\u017ena jama<\/span><\/p>\n<p>Na obmo\u010dju Notranjskega regijskega parka se kra\u0161ke jame pojavljajo<br \/>\n         ve\u010dinoma na zahodnem in ju\u017enem delu. Registriranih kra\u0161kih jam, brezen<br \/>\n         in spodmolov dr\u017eavnega pomena je 310.&nbsp; Nekatere so dobro raziskane, kot<br \/>\n         npr. Zel\u0161ke jame, Tkalca jama, Velika in Mala Karlovica ter Kri\u017ena jama.<br \/>\n         Slednja je ena najzanimivej\u0161ih kra\u0161kih jam na svetu. V jami je 22<br \/>\n         podzemnih jezer s sigastimi pregradami, preko katerih se preliva voda,<br \/>\n         ki priteka iz Blo\u0161ke planote.&nbsp;V Kri\u017eni jami so na\u0161li kosti jamskega<br \/>\n         medveda. Dana\u0161nje ime je jama dobila po Cerkvi Svetega Kri\u017ea, ki le\u017ei na<br \/>\n         bli\u017enjem hribu.<\/p>\n<\/p><\/div>\n<\/p><\/div>\n<\/div>\n","protected":false},"excerpt":{"rendered":"<p>Cerkni\u0161ko&nbsp; jezero Rakov \u0160kocjan Kri\u017ena&nbsp; jama Slivnica&nbsp; 1114 m Kri\u017ena jama Na obmo\u010dju Notranjskega regijskega parka se kra\u0161ke jame pojavljajo ve\u010dinoma na zahodnem in ju\u017enem delu. Registriranih kra\u0161kih jam, brezen in spodmolov dr\u017eavnega pomena je 310.&nbsp; Nekatere so dobro raziskane, kot npr. Zel\u0161ke jame, Tkalca jama, Velika in Mala Karlovica ter Kri\u017ena jama. Slednja je [&hellip;]<\/p>\n","protected":false},"author":1,"featured_media":0,"parent":13215,"menu_order":8,"comment_status":"closed","ping_status":"closed","template":"","meta":[],"_links":{"self":[{"href":"https:\/\/www.cerknisko-jezero.si\/index.php?rest_route=\/wp\/v2\/pages\/13218"}],"collection":[{"href":"https:\/\/www.cerknisko-jezero.si\/index.php?rest_route=\/wp\/v2\/pages"}],"about":[{"href":"https:\/\/www.cerknisko-jezero.si\/index.php?rest_route=\/wp\/v2\/types\/page"}],"author":[{"embeddable":true,"href":"https:\/\/www.cerknisko-jezero.si\/index.php?rest_route=\/wp\/v2\/users\/1"}],"replies":[{"embeddable":true,"href":"https:\/\/www.cerknisko-jezero.si\/index.php?rest_route=%2Fwp%2Fv2%2Fcomments&post=13218"}],"version-history":[{"count":0,"href":"https:\/\/www.cerknisko-jezero.si\/index.php?rest_route=\/wp\/v2\/pages\/13218\/revisions"}],"up":[{"embeddable":true,"href":"https:\/\/www.cerknisko-jezero.si\/index.php?rest_route=\/wp\/v2\/pages\/13215"}],"wp:attachment":[{"href":"https:\/\/www.cerknisko-jezero.si\/index.php?rest_route=%2Fwp%2Fv2%2Fmedia&parent=13218"}],"curies":[{"name":"wp","href":"https:\/\/api.w.org\/{rel}","templated":true}]}}