{"id":13217,"date":"2019-08-19T18:48:31","date_gmt":"2019-08-19T16:48:31","guid":{"rendered":"http:\/\/www.cerknisko-jezero.si\/narava\/rakov-skocjan"},"modified":"2019-08-19T18:48:31","modified_gmt":"2019-08-19T16:48:31","slug":"rakov-skocjan","status":"publish","type":"page","link":"https:\/\/www.cerknisko-jezero.si\/?page_id=13217","title":{"rendered":"Rakov \u0160kocjan"},"content":{"rendered":"<div class=\"art-content-layout\">\n<div class=\"art-content-layout-row\">\n<div class=\"art-layout-cell layout-item-0\" style=\"width: 25%\" >\n<h4 style=\"color: rgb(41, 61, 26); text-align: center;\"><a href=\"\/narava\/cerknisko-jezero\" target=\"_top\" style=\"text-decoration: underline; color: rgb(150, 196, 115);\" rel=\"noopener noreferrer\"><img loading=\"lazy\" width=\"150\" height=\"150\" alt=\"\" src=\"http:\/\/www.cerknisko-jezero.si\/wp-content\/uploads\/2019\/08\/CerkniskoJezero1.png\" style=\"margin-top: 5px; margin-right: 5px; margin-bottom: 5px; margin-left: 5px;\"><\/a><\/h4>\n<h4 style=\"text-align: center;\"><span style=\"-webkit-border-horizontal-spacing: 10px;\"><span style=\"font-size: 24px; font-weight: bold; color: #6CA244;\">Cerkni\u0161ko&nbsp;<\/span><\/span><\/h4>\n<h4 style=\"text-align: center;\"><span style=\"-webkit-border-horizontal-spacing: 10px;\"><span style=\"font-size: 24px; font-weight: bold; color: #6CA244;\">jezero<\/span><\/span><\/h4>\n<\/p><\/div>\n<div class=\"art-layout-cell layout-item-0\" style=\"width: 25%\" >\n<h4 style=\"color: rgb(41, 61, 26); text-align: center;\"><a href=\"\/narava\/rakov-skocjan\" style=\"text-decoration: underline; color: rgb(150, 196, 115);\" target=\"_top\" rel=\"noopener noreferrer\"><img loading=\"lazy\" width=\"150\" height=\"150\" alt=\"\" src=\"http:\/\/www.cerknisko-jezero.si\/wp-content\/uploads\/2019\/08\/Skocjan.png\" style=\"margin-top: 5px; margin-right: 5px; margin-bottom: 5px; margin-left: 5px;\" class=\"\"><\/a><\/h4>\n<h4 style=\"text-align: center;\"><span style=\"font-size: 24px; font-weight: bold; -webkit-border-horizontal-spacing: 10px; color: #0E4D95;\">Rakov<\/span><\/h4>\n<h4 style=\"text-align: center;\"><span style=\"font-size: 24px; font-weight: bold; -webkit-border-horizontal-spacing: 10px; color: #0E4D95;\">\u0160kocjan<\/span><\/h4>\n<\/p><\/div>\n<div class=\"art-layout-cell layout-item-0\" style=\"width: 25%\" >\n<h4 style=\"color: rgb(41, 61, 26); text-align: center;\"><a href=\"\/narava\/krizna-jama\" style=\"text-decoration: underline; color: rgb(150, 196, 115);\" target=\"_top\" rel=\"noopener noreferrer\"><img loading=\"lazy\" width=\"150\" height=\"150\" alt=\"\" src=\"http:\/\/www.cerknisko-jezero.si\/wp-content\/uploads\/2019\/08\/KriznaJama.png\" style=\"margin-top: 5px; margin-right: 5px; margin-bottom: 5px; margin-left: 5px;\" class=\"\"><\/a><\/h4>\n<h4 style=\"text-align: center;\"><span style=\"color: rgb(108, 162, 68); font-size: 24px; font-weight: bold; -webkit-border-horizontal-spacing: 10px;\">Kri\u017ena&nbsp;<\/span><\/h4>\n<h4 style=\"text-align: center;\"><span style=\"color: rgb(108, 162, 68); font-size: 24px; font-weight: bold; -webkit-border-horizontal-spacing: 10px;\">jama<\/span><\/h4>\n<\/p><\/div>\n<div class=\"art-layout-cell layout-item-0\" style=\"width: 25%\" >\n<h4 style=\"color: rgb(41, 61, 26); text-align: center;\"><a href=\"\/narava\/slivnica\" style=\"text-decoration: underline; color: rgb(150, 196, 115);\" target=\"_top\" rel=\"noopener noreferrer\"><img loading=\"lazy\" width=\"150\" height=\"150\" alt=\"\" src=\"http:\/\/www.cerknisko-jezero.si\/wp-content\/uploads\/2019\/08\/Slivnica.png\" style=\"margin-top: 5px; margin-right: 5px; margin-bottom: 5px; margin-left: 5px; \" class=\"\"><\/a><\/h4>\n<h4 style=\"text-align: center;\"><span style=\"color: rgb(108, 162, 68); font-size: 24px; font-weight: bold; -webkit-border-horizontal-spacing: 10px;\">Slivnica&nbsp;<\/span><\/h4>\n<h4 style=\"text-align: center;\"><span style=\"color: rgb(108, 162, 68); font-size: 24px; font-weight: bold; -webkit-border-horizontal-spacing: 10px;\">1114 m<\/span><\/h4>\n<\/p><\/div>\n<\/p><\/div>\n<\/div>\n<div class=\"art-content-layout\">\n<div class=\"art-content-layout-row\">\n<div class=\"art-layout-cell layout-item-0\" style=\"width: 100%\" >\n<p style=\"text-align: center;\"><span style=\"font-weight: bold; color: rgb(14, 77, 149); font-size: 20px;\"><br \/><\/span><\/p>\n<p style=\"text-align: center;\"><span style=\"font-weight: bold; color: rgb(14, 77, 149); font-size: 20px;\">Rakov \u0160kocjan<\/span><\/p>\n<p>Med Cerkni\u0161kim in Planinskim poljem le\u017ei slikovita kra\u0161ka dolina Rakov<br \/>\n         \u0160kocjan.&nbsp;Dolina je&nbsp;dolga okoli 2,5 km, ki jo je postoma oblikovala reka<br \/>\n         Rak. Rak izvira v Zel\u0161kih jamah in te\u010de po podorni dolini in jo ob\u010dasno<br \/>\n         tudi poplavi. Na njenem dnu se ko\u0161eni mokrotni travniki prepletajo z<br \/>\n         oto\u010dki poplavnih gozdov z dobom, po obrobju doline pa najdemo ilirski bukov gozd. Ostanka stropa nekdanje jame, ki je oblikovala podorno<br \/>\n         dolino Rakov \u0160kocjan sta Veliki in Mali naravni most.<\/p>\n<p>Rakov \u0160kocjan je bil \u017ee leta 1949 razgla\u0161en za krajinski park in je prvi<br \/>\n         razgla\u0161eni krajinski park v Sloveniji. Povr\u0161ina zavarovanega obmo\u010dja<br \/>\n         meri 113 ha.<\/p>\n<p><a href=\"https:\/\/www.youtube.com\/watch?v=VNZbMr3JHuU&amp;list=UUeAo-NjEtzOlqD_2XwfsGKw\"><span style=\" color: rgb(14, 77, 149);\">Rakov<\/span> <span style=\"color: rgb(14, 77, 149); \">\u0160kocjan 1<\/span><\/a><\/p>\n<p><span style=\"color: rgb(14, 77, 149); \"><a href=\"https:\/\/www.youtube.com\/watch?v=QxT41pQbJpU&amp;list=UUeAo-NjEtzOlqD_2XwfsGKw\">Rakov \u0160kocjan 2<\/a><\/span><\/p>\n<p><a href=\"https:\/\/www.k8dizajn.si\/rakov-skocjan.html\">Fotografije Rakovega \u0160kocjana<\/a><\/p>\n<\/p><\/div>\n<\/p><\/div>\n<\/div>\n","protected":false},"excerpt":{"rendered":"<p>Cerkni\u0161ko&nbsp; jezero Rakov \u0160kocjan Kri\u017ena&nbsp; jama Slivnica&nbsp; 1114 m Rakov \u0160kocjan Med Cerkni\u0161kim in Planinskim poljem le\u017ei slikovita kra\u0161ka dolina Rakov \u0160kocjan.&nbsp;Dolina je&nbsp;dolga okoli 2,5 km, ki jo je postoma oblikovala reka Rak. Rak izvira v Zel\u0161kih jamah in te\u010de po podorni dolini in jo ob\u010dasno tudi poplavi. Na njenem dnu se ko\u0161eni mokrotni travniki [&hellip;]<\/p>\n","protected":false},"author":1,"featured_media":0,"parent":13215,"menu_order":7,"comment_status":"closed","ping_status":"closed","template":"","meta":[],"_links":{"self":[{"href":"https:\/\/www.cerknisko-jezero.si\/index.php?rest_route=\/wp\/v2\/pages\/13217"}],"collection":[{"href":"https:\/\/www.cerknisko-jezero.si\/index.php?rest_route=\/wp\/v2\/pages"}],"about":[{"href":"https:\/\/www.cerknisko-jezero.si\/index.php?rest_route=\/wp\/v2\/types\/page"}],"author":[{"embeddable":true,"href":"https:\/\/www.cerknisko-jezero.si\/index.php?rest_route=\/wp\/v2\/users\/1"}],"replies":[{"embeddable":true,"href":"https:\/\/www.cerknisko-jezero.si\/index.php?rest_route=%2Fwp%2Fv2%2Fcomments&post=13217"}],"version-history":[{"count":0,"href":"https:\/\/www.cerknisko-jezero.si\/index.php?rest_route=\/wp\/v2\/pages\/13217\/revisions"}],"up":[{"embeddable":true,"href":"https:\/\/www.cerknisko-jezero.si\/index.php?rest_route=\/wp\/v2\/pages\/13215"}],"wp:attachment":[{"href":"https:\/\/www.cerknisko-jezero.si\/index.php?rest_route=%2Fwp%2Fv2%2Fmedia&parent=13217"}],"curies":[{"name":"wp","href":"https:\/\/api.w.org\/{rel}","templated":true}]}}