{"id":13215,"date":"2019-08-19T18:48:29","date_gmt":"2019-08-19T16:48:29","guid":{"rendered":"http:\/\/www.cerknisko-jezero.si\/narava"},"modified":"2019-08-19T18:48:29","modified_gmt":"2019-08-19T16:48:29","slug":"narava","status":"publish","type":"page","link":"https:\/\/www.cerknisko-jezero.si\/?page_id=13215","title":{"rendered":"Narava"},"content":{"rendered":"<div class=\"art-content-layout\">\n<div class=\"art-content-layout-row\">\n<div class=\"art-layout-cell layout-item-0\" style=\"width: 25%\" >\n<h4 style=\"color: rgb(41, 61, 26); text-align: center;\"><a href=\"\/narava\/cerknisko-jezero\" style=\"color: rgb(63, 93, 39);\"><img loading=\"lazy\" width=\"150\" height=\"150\" alt=\"\" src=\"http:\/\/www.cerknisko-jezero.si\/wp-content\/uploads\/2019\/08\/CerkniskoJezero1_1.png\" style=\"margin-top: 5px; margin-right: 5px; margin-bottom: 5px; margin-left: 5px;\"><\/a><br \/><\/h4>\n<h4 style=\"color: rgb(77, 115, 48); text-align: center;\"><span style=\"-webkit-border-horizontal-spacing: 10px;\"><span style=\"font-size: 24px; font-weight: bold; color: rgb(108, 162, 68);\">Cerkni\u0161ko&nbsp;<\/span><\/span><\/h4>\n<h4 style=\"color: rgb(77, 115, 48); text-align: center;\"><span style=\"-webkit-border-horizontal-spacing: 10px;\"><span style=\"font-size: 24px; font-weight: bold; color: rgb(108, 162, 68);\">jezero<\/span><\/span><\/h4>\n<h4 style=\"text-align: center;\"><span style=\"-webkit-border-horizontal-spacing: 10px;\"><\/span><\/h4>\n<h4 style=\"text-align: center;\"><span style=\"-webkit-border-horizontal-spacing: 10px;\"><span style=\"font-size: 24px; font-weight: bold; color: #6CA244;\"><\/span><\/span><\/h4>\n<\/p><\/div>\n<div class=\"art-layout-cell layout-item-0\" style=\"width: 25%\" >\n<h4 style=\"color: rgb(41, 61, 26); text-align: center;\"><a href=\"\/narava\/rakov-skocjan\" target=\"_top\" style=\"color: rgb(63, 93, 39);\" rel=\"noopener noreferrer\"><img loading=\"lazy\" width=\"150\" height=\"150\" alt=\"\" src=\"http:\/\/www.cerknisko-jezero.si\/wp-content\/uploads\/2019\/08\/Skocjan_1.png\" class=\"\" style=\"margin-top: 5px; margin-right: 5px; margin-bottom: 5px; margin-left: 5px;\"><\/a><br \/><\/h4>\n<h4 style=\"color: rgb(77, 115, 48); text-align: center;\"><span style=\"color: rgb(108, 162, 68); font-size: 24px; font-weight: bold; -webkit-border-horizontal-spacing: 10px;\">Rakov<\/span><\/h4>\n<h4 style=\"color: rgb(77, 115, 48); text-align: center;\"><span style=\"color: rgb(108, 162, 68); font-size: 24px; font-weight: bold; -webkit-border-horizontal-spacing: 10px;\">\u0160kocjan<\/span><\/h4>\n<h4 style=\"text-align: center;\"><\/h4>\n<h4 style=\"text-align: center;\"><span style=\"color: rgb(108, 162, 68); font-size: 24px; font-weight: bold; -webkit-border-horizontal-spacing: 10px;\"><\/span><\/h4>\n<\/p><\/div>\n<div class=\"art-layout-cell layout-item-0\" style=\"width: 25%\" >\n<h4 style=\"color: rgb(41, 61, 26); text-align: center;\"><a href=\"\/narava\/krizna-jama\" target=\"_top\" rel=\"noopener noreferrer\"><img loading=\"lazy\" width=\"150\" height=\"150\" alt=\"\" src=\"http:\/\/www.cerknisko-jezero.si\/wp-content\/uploads\/2019\/08\/KriznaJama.png\" style=\"margin-top: 5px; margin-right: 5px; margin-bottom: 5px; margin-left: 5px; \" class=\"\"><\/a><br \/><\/h4>\n<h4 style=\"text-align: center;\"><span style=\"color: rgb(108, 162, 68); font-size: 24px; font-weight: bold; -webkit-border-horizontal-spacing: 10px;\">Kri\u017ena&nbsp;<\/span><\/h4>\n<h4 style=\"text-align: center;\"><span style=\"color: rgb(108, 162, 68); font-size: 24px; font-weight: bold; -webkit-border-horizontal-spacing: 10px;\">jama<\/span><\/h4>\n<\/p><\/div>\n<div class=\"art-layout-cell layout-item-0\" style=\"width: 25%\" >\n<h4 style=\"color: rgb(41, 61, 26); text-align: center;\"><a href=\"\/narava\/slivnica\" target=\"_top\" rel=\"noopener noreferrer\"><img loading=\"lazy\" width=\"150\" height=\"150\" alt=\"\" src=\"http:\/\/www.cerknisko-jezero.si\/wp-content\/uploads\/2019\/08\/Slivnica.png\" style=\"margin-top: 5px; margin-right: 5px; margin-bottom: 5px; margin-left: 5px;\" class=\"\"><\/a><br \/><\/h4>\n<h4 style=\"text-align: center;\"><span style=\"color: rgb(108, 162, 68); font-size: 24px; font-weight: bold; -webkit-border-horizontal-spacing: 10px;\">Slivnica&nbsp;<\/span><\/h4>\n<h4 style=\"text-align: center;\"><span style=\"color: rgb(108, 162, 68); font-size: 24px; font-weight: bold; -webkit-border-horizontal-spacing: 10px;\">1114 m<\/span><\/h4>\n<\/p><\/div>\n<\/p><\/div>\n<\/div>\n","protected":false},"excerpt":{"rendered":"<p>Cerkni\u0161ko&nbsp; jezero Rakov \u0160kocjan Kri\u017ena&nbsp; jama Slivnica&nbsp; 1114 m<\/p>\n","protected":false},"author":1,"featured_media":0,"parent":0,"menu_order":5,"comment_status":"closed","ping_status":"closed","template":"","meta":[],"_links":{"self":[{"href":"https:\/\/www.cerknisko-jezero.si\/index.php?rest_route=\/wp\/v2\/pages\/13215"}],"collection":[{"href":"https:\/\/www.cerknisko-jezero.si\/index.php?rest_route=\/wp\/v2\/pages"}],"about":[{"href":"https:\/\/www.cerknisko-jezero.si\/index.php?rest_route=\/wp\/v2\/types\/page"}],"author":[{"embeddable":true,"href":"https:\/\/www.cerknisko-jezero.si\/index.php?rest_route=\/wp\/v2\/users\/1"}],"replies":[{"embeddable":true,"href":"https:\/\/www.cerknisko-jezero.si\/index.php?rest_route=%2Fwp%2Fv2%2Fcomments&post=13215"}],"version-history":[{"count":0,"href":"https:\/\/www.cerknisko-jezero.si\/index.php?rest_route=\/wp\/v2\/pages\/13215\/revisions"}],"wp:attachment":[{"href":"https:\/\/www.cerknisko-jezero.si\/index.php?rest_route=%2Fwp%2Fv2%2Fmedia&parent=13215"}],"curies":[{"name":"wp","href":"https:\/\/api.w.org\/{rel}","templated":true}]}}