{"id":13214,"date":"2019-08-19T18:48:28","date_gmt":"2019-08-19T16:48:28","guid":{"rendered":"http:\/\/www.cerknisko-jezero.si\/kultura"},"modified":"2019-08-19T18:48:28","modified_gmt":"2019-08-19T16:48:28","slug":"kultura","status":"publish","type":"page","link":"https:\/\/www.cerknisko-jezero.si\/?page_id=13214","title":{"rendered":"Kultura"},"content":{"rendered":"<div class=\"art-content-layout\">\n<div class=\"art-content-layout-row\">\n<div class=\"art-layout-cell layout-item-1\" style=\"width: 100%\" >\n<p><span style=\"font-family: Verdana;\"><span style=\"font-family: Verdana; font-weight: bold; font-size: 20px; color: #6CA244;\">ZEL\u0160KA CERKEV<\/span><\/span><\/p>\n<p><span style=\"font-family: Verdana;\"><\/span><\/p>\n<p style=\"margin-bottom: 0cm\"><img loading=\"lazy\" width=\"200\" height=\"200\" alt=\"\" src=\"http:\/\/www.cerknisko-jezero.si\/wp-content\/uploads\/2019\/08\/Zelse-2.jpg\" style=\"float: left; margin-bottom: 10px; margin-left: 0px;\" class=\"art-lightbox\"><span style=\"font-size: 16px; font-family: Verdana;\">Cerkev v<br \/>\n         Zel\u0161ah je nastala v 17. stoletju (okoli leta 1680). <span style=\"color: #000000;\">Posebnost<\/span><br \/>\n         cerkve je tloris v obliki triperesne deteljice in zelo dobra<br \/>\n         akustika.<\/span><\/p>\n<p><span style=\"font-size: 16px; font-family: Verdana;\"><br \/>\n        <\/span><\/p>\n<p style=\"margin-bottom: 0cm\"><span style=\"font-size: 16px; font-family: Verdana;\">V mesecu<br \/>\n         avgustu in septembru so tam pogosti koncerti, na katerih sodelujejo<br \/>\n         znani umetniki (npr. Irena Grafenauer).<\/span><\/p>\n<\/p><\/div>\n<\/p><\/div>\n<\/div>\n<div class=\"art-content-layout-br layout-item-0\">\n<\/div>\n<div class=\"art-content-layout\">\n<div class=\"art-content-layout-row\">\n<div class=\"art-layout-cell layout-item-2\" style=\"width: 100%\" >\n<p><span style=\"font-family: Verdana;\"><span style=\"color: rgb(108, 162, 68); font-weight: bold; font-size: 20px;\">GRAD LO\u0160KO<\/span><\/span><\/p>\n<p style=\"margin-bottom: 0cm\"><img loading=\"lazy\" width=\"200\" height=\"130\" alt=\"\" class=\"art-lightbox\" src=\"http:\/\/www.cerknisko-jezero.si\/wp-content\/uploads\/2019\/08\/Losko.jpg\" style=\"float: left; margin-left: 0px;\"><span style=\"font-family: Verdana; font-size: 16px;\">V<br \/>\n         neposredni bli\u017eini Cerknice je nekdaj stala gra\u0161\u010dina Lo\u0161ko, ki je<br \/>\n         pripadala menihom iz Bistre pri Vrhniki. V bli\u017eini gradu je stala \u0161e<br \/>\n         cerkvica sv. Leonarda. Danes se tu nahaja le \u0161e nekaj ostankov<br \/>\n         grajskih hlevov.<\/span><\/p>\n<\/p><\/div>\n<\/p><\/div>\n<\/div>\n<div class=\"art-content-layout-br layout-item-0\">\n<\/div>\n<div class=\"art-content-layout\">\n<div class=\"art-content-layout-row\">\n<div class=\"art-layout-cell layout-item-2\" style=\"width: 100%\" >\n<p><span style=\"font-family: Verdana;\"><span style=\"color: rgb(108, 162, 68); font-weight: bold; font-size: 20px;\">TABOR<\/span><\/span><\/p>\n<p><img loading=\"lazy\" style=\"float: left; margin-top: 10px; margin-right: 10px; margin-bottom: 10px; margin-left: 0px; border-top-width: 0px; border-right-width: 0px; border-bottom-width: 0px; border-left-width: 0px; \" width=\"197\" height=\"164\" alt=\"\" class=\"art-lightbox\" src=\"http:\/\/www.cerknisko-jezero.si\/wp-content\/uploads\/2019\/08\/c15a338b-4faf-4a37-a87e-77804d6fc81a.png\">\n        <\/p>\n<p><font><font><font style=\"font-family: Verdana; font-size: 16px;\">1472<br \/>\n         so Turki na nedeljo pred Mihelovim pridrveli v Cerknico ter jo<br \/>\n         po\u017egali. Enaka usoda je doletela tudi takratno cerkev. O tem pri\u010da<br \/>\n         kamnita plo\u0161\u010da na vzhodni strani cerkve, na kateri lahko preberemo<br \/>\n         zapis o tem v latin\u0161\u010dini. Nad njim se nahaja son\u010dna ura (posebnost<br \/>\n         cerkve). Da se kaj takega ne bi ve\u010d zgodilo so prebivalci<br \/>\n         (najverjetneje na lastne stro\u0161ke) pri\u010deli graditi stolpe in<br \/>\n         obzidje, isto\u010dasno pa tudi cerkev. Dela so trajala celih deset let<br \/>\n         od 1472 do 1482.<\/font><\/font><\/font><\/p>\n<\/p>\n<p><span style=\"font-family: Verdana; font-size: 16px;\">Dobro<br \/>\n         ohranjeni ostanki v sredi\u0161\u010du Cerknice predstavljajo enega najve\u010djih<br \/>\n         protitur\u0161kih taborov na Slovenskem. Je nepravilne peterokotne<br \/>\n         oblike, kjer ravni deli obzidja med seboj povezujejo 5 kvadratnih<br \/>\n         oziroma okroglih stolpov. Obzidje je slu\u017eilo povezavi med stolpi,<br \/>\n         za\u0161\u010diti prostora in ljudi za njim ter dajalo mo\u017enost ureditve<br \/>\n         sistema ka\u0161\u010d. \u0160e danes stolpi ohranjajo ime glede na uporabnika:<br \/>\n         Urbanov stolp, Jur\u010dkov tabor.<br \/><\/span><\/p>\n<\/p>\n<p><img loading=\"lazy\" width=\"198\" height=\"170\" alt=\"\" class=\"art-lightbox\" src=\"http:\/\/www.cerknisko-jezero.si\/wp-content\/uploads\/2019\/08\/Tabor-2.jpg\" style=\" float: left; margin-left: 0px;\"><font style=\"font-family: Verdana; font-size: 16px;\">Oba<br \/>\n         sta bila v za\u010detku grajena samostojno, vhod vanju pa je bil mo\u017een<br \/>\n         le po vrveh ali lestvah. Nato so jima prizidali \u0161e obzidje in ostale<br \/>\n         tri stolpe. Precej globok je bil tudi obrambni jarek okoli obzidja. V<br \/>\n         \u010dasu obleganja tur\u0161ke vojske se je za obzidje lahko zateklo od 500<br \/>\n         do&nbsp;1000 ljudi.<\/font><\/p>\n<\/p>\n<p><font style=\"font-family: Verdana; font-size: 16px;\">Tabora<br \/>\n         Turki niso nikoli zavzeli.<\/font><\/p>\n<\/p><\/div>\n<\/p><\/div>\n<\/div>\n<div class=\"art-content-layout-br layout-item-0\">\n<\/div>\n<div class=\"art-content-layout\">\n<div class=\"art-content-layout-row\">\n<div class=\"art-layout-cell layout-item-2\" style=\"width: 100%\" >\n<p><span style=\"font-family: Verdana;\"><span style=\"color: rgb(108, 162, 68); font-weight: bold; font-size: 20px;\">JO\u017dE UDOVI\u010c<\/span><\/span><\/p>\n<p><img loading=\"lazy\" width=\"199\" height=\"288\" alt=\"\" class=\"art-lightbox\" src=\"http:\/\/www.cerknisko-jezero.si\/wp-content\/uploads\/2019\/08\/Joze-Udovic.jpg\" style=\"float: left; margin-left: 0px;\"><font><font><font style=\"font-family: Verdana; font-size: 16px;\">Jo\u017ee<br \/>\n         Udovi\u010d, slovenski pisatelj in pesnik&nbsp;<br \/><\/font><\/font><\/font><span style=\"font-family: Verdana; font-size: 16px;\">* 17. 10. 1912, Cerknica, \u2020<br \/>\n         5. 11. 1986, Ljubljana<\/span><\/p>\n<\/p>\n<p><span style=\"line-height: 16px; font-family: Verdana; font-size: 16px;\"><font>Rojstna<br \/>\n         hi\u0161a v Cerknici JE DEL KOMPLEKSA TABORA&nbsp;<\/font><font><font>Urbanov stolp.<\/font><\/font><\/span><\/p>\n<\/p><\/div>\n<\/p><\/div>\n<\/div>\n<div class=\"art-content-layout-br layout-item-0\">\n<\/div>\n<div class=\"art-content-layout\">\n<div class=\"art-content-layout-row\">\n<div class=\"art-layout-cell layout-item-2\" style=\"width: 100%\" >\n<p><span style=\"font-family: Verdana;\"><span style=\"color: rgb(108, 162, 68); font-weight: bold; font-size: 20px;\">VALVAZOR<\/span><\/span><\/p>\n<p><img loading=\"lazy\" width=\"199\" height=\"146\" alt=\"\" class=\"art-lightbox\" src=\"http:\/\/www.cerknisko-jezero.si\/wp-content\/uploads\/2019\/08\/Valvazor_1.jpg\" style=\"float: left; margin-left: 0px;\"><font size=\"2\" style=\"font-size: 11pt;\"><img loading=\"lazy\" width=\"187\" height=\"144\" alt=\"\" class=\"art-lightbox\" src=\"http:\/\/www.cerknisko-jezero.si\/wp-content\/uploads\/2019\/08\/Valvazor_2.jpg\" style=\"float: left;\"><font><font size=\"3\" style=\"font-family: Verdana;\">Leta<br \/>\n         1689 je iz\u0161la Valvasorjeva SLAVA VOJVODINE KRANJSKE.&nbsp;V njej je<br \/>\n         Kranjsko opisal kot \u0161e nih\u010de pred njim. Gre za iz\u010drpen popis vseh<br \/>\n         pokrajin, naravnih in zgodovinskih znamenitosti, gospodarstva,<br \/>\n         prometa \u2026 Zaradi razprave o Cerkni\u0161kem jezeru je postal \u010dlan<br \/>\n         angle\u0161kega kraljevega dru\u0161tva (14. 12. 1687), kar je pomenilo<br \/>\n         veliko \u010dast in odlikovanje, saj so v dru\u0161tvu delovali le<br \/>\n         najuglednej\u0161i znanstveniki. Hkrati je posebnost Cerkni\u0161kega jezera<br \/>\n         predstavil&nbsp;\u0161irnemu svetu.<\/font><\/font><\/font><\/p>\n<p><img loading=\"lazy\" width=\"184\" height=\"274\" alt=\"\" class=\"art-lightbox\" src=\"http:\/\/www.cerknisko-jezero.si\/wp-content\/uploads\/2019\/08\/Valvazor_3-2.jpg\" style=\"float: left; \"><font><font><font style=\"font-family: Verdana; font-size: 16px; font-weight: bold;\"><span style=\"color: #6CA244;\">Valvazorjev spomenik v Cerknici<\/span><\/font><\/font><\/font><\/p>\n<p><font><span style=\"font-family: Verdana; font-size: 16px;\"><font>Odkrili<br \/>\n         so ga ob<\/font> <font><b>300-letnici<br \/>\n         izida<\/b><\/font><font><br \/>\n         Slave vojvodine Kranjske. Na\u010drt za spomenik in okolico je naredil<br \/>\n         arhitekt<\/font> <font><b>Marjan<br \/>\n         Loboda<\/b><\/font><font>.<br \/>\n         Grb je izdelala doma\u010dinka kiparka<\/font> <font><font><b>Milena<br \/>\n         Braniselj<\/b><\/font><\/font><\/span><font face=\"Cambria, serif\" style=\"font-size: 11pt; font-family: Calibri, sans-serif;\"><font size=\"3\">.<\/font><\/font><\/font><\/p>\n<\/p><\/div>\n<\/p><\/div>\n<\/div>\n<div class=\"art-content-layout-br layout-item-0\">\n<\/div>\n<div class=\"art-content-layout\">\n<div class=\"art-content-layout-row\">\n<div class=\"art-layout-cell layout-item-2\" style=\"width: 100%\" >\n<p><span style=\"font-family: Verdana;\"><span style=\"color: rgb(108, 162, 68); font-weight: bold; font-size: 20px;\">FRAN GERBI\u010c &#8211; Slovenska grlica<\/span><\/span><\/p>\n<p><span style=\"font-size: 16px; font-family: Verdana;\">Fran Gerbi\u010d, slovenski<br \/>\n         skladatelj in pevec, *&nbsp;<\/span><\/p>\n<p><span style=\"font-family: Verdana; font-size: 16px;\">5.<br \/>\n         oktober 1840, Cerknica, \u2020 29. marec 1917, Ljubljana.<\/span><\/p>\n<p><img loading=\"lazy\" width=\"200\" height=\"273\" alt=\"\" class=\"art-lightbox\" src=\"http:\/\/www.cerknisko-jezero.si\/wp-content\/uploads\/2019\/08\/Gerbic2.jpg\"><span style=\"font-family: Verdana; font-size: 16px;\">&nbsp;<\/span><span style=\"color: rgb(121, 180, 75); font-family: 'Trebuchet MS', Arial, Helvetica, sans-serif; font-size: 33px; line-height: 39px;\"><img loading=\"lazy\" width=\"198\" height=\"178\" alt=\"\" class=\"art-lightbox\" src=\"http:\/\/www.cerknisko-jezero.si\/wp-content\/uploads\/2019\/08\/Gerbic1.jpg\" style=\" float: left; margin-left: 0px;\">&nbsp;<\/span><\/p>\n<\/p><\/div>\n<\/p><\/div>\n<\/div>\n<div class=\"art-content-layout-br layout-item-0\">\n<\/div>\n<div class=\"art-content-layout\">\n<div class=\"art-content-layout-row\">\n<div class=\"art-layout-cell layout-item-2\" style=\"width: 100%\" >\n<p><span style=\"font-family: Verdana;\"><span style=\"color: rgb(108, 162, 68); font-weight: bold; font-size: 20px;\">CERKEV SV. ROKA<\/span><\/span><\/p>\n<p><img loading=\"lazy\" width=\"200\" height=\"236\" alt=\"\" class=\"art-lightbox\" src=\"http:\/\/www.cerknisko-jezero.si\/wp-content\/uploads\/2019\/08\/Cerkev-2.jpg\" style=\"float: left;\"><font style=\"font-family: Verdana; font-size: 16px;\"><font><font>Sv.<br \/>\n         Rok velja za<\/font><\/font> <font><b>najpomembnej\u0161ega<br \/>\n         zavetnika proti&nbsp;<\/b><\/font><\/font><span style=\"font-family: Verdana; font-size: 16px;\"><font><b>kugi<\/b><\/font><\/span><span style=\"font-family: Verdana; font-size: 16px;\">.<br \/>\n         Najve\u010dkrat je upodobljen, kako ka\u017ee ku\u017eno rano&nbsp;<\/span><span style=\"font-family: Verdana; font-size: 16px;\">na stegnu, zraven<br \/>\n         njega pa je pes, ki mu prina\u0161a hlebec kruha.<\/span><\/p>\n<\/p>\n<p><span style=\"font-family: Verdana; font-size: 16px;\"><font>V<br \/>\n         Cerknici na Kamni gorici stoji cerkvica sv. Roka. Njen nastanek sega<br \/>\n         v <b>16.<br \/>\n         oziroma 17. stoletje<\/b>,<br \/>\n         ko je pri nas razsajala kuga, stra\u0161na in nalezljiva bolezen, za<br \/>\n         katero so ljudje mno\u017ei\u010dno umirali.<\/font><br \/>\n        <\/span><\/p>\n<\/p>\n<p><span style=\"font-family: Verdana; font-size: 16px;\"><font>Cerkvica<br \/>\n         ima tri oltarje, v glavnem je slika sv. Roka, ki jo je naslikal<br \/>\n        <\/font> <font><font><b>znameniti<br \/>\n         baro\u010dni slikar Anton Cebej.<\/b><\/font><\/font>&nbsp;<\/span><\/p>\n<p><\/p>\n<\/p><\/div>\n<\/p><\/div>\n<\/div>\n<div class=\"art-content-layout-br layout-item-0\">\n<\/div>\n<div class=\"art-content-layout\">\n<div class=\"art-content-layout-row\">\n<div class=\"art-layout-cell layout-item-2\" style=\"width: 100%\" >\n<p><span style=\"font-family: Verdana;\"><span style=\"color: rgb(108, 162, 68); font-weight: bold; font-size: 20px;\">ZGODOVINA CERKNICE<\/span><\/span><\/p>\n<p><span style=\"font-family: Verdana; font-size: 16px;\">Tukaj\u0161nja okolica je bila \u017ee zdavnaj poseljena.&nbsp;<b>Okoli 2000 let pr. n. \u0161t.<\/b>&nbsp;so tu prebivali ljudje, katerih imena ne poznamo. \u017diveli so v votlinah, ki jih je v kra\u0161kem svetu veliko.<\/span><\/p>\n<p><font style=\"font-family: Verdana; font-size: 16px;\">Nekaj stoletij kasneje so se prebivalci obrobja Cerkni\u0161kega jezera preselili na zahodni del Slivnice, ki se imenuje&nbsp;<b>GRADI\u0160\u010cE<\/b>. Drugi del prebivalcev na&nbsp;<b>TR\u017dI\u0160\u010cU<\/b>, na nizkem gri\u010du nad Dolenjo vasjo.<\/font><\/p>\n<p><font style=\"font-family: Verdana; font-size: 16px;\">V tej dobi so pri nas prebivali tudi&nbsp;<b>ILIRI in KELTI<\/b>. Njihovo gospostvo ni trajalo dolgo, saj so jih izpodrinili&nbsp;<b>RIMLJANI<\/b>. Arheolo\u0161ka izkopavanja so pokazala obstoj ve\u010djega \u0161tevila \u017eganih&nbsp;<a href=\"http:\/\/sl.wikipedia.org\/wiki\/Grob\"><font color=\"#0000FF\"><font color=\"#000000\">grobov<\/font><\/font><\/a>, ki so bili oblo\u017eeni z opeko ali kamnitimi plo\u0161\u010dami. Med grobnimi pridatki prevladujejo&nbsp;<a href=\"http:\/\/sl.wikipedia.org\/wiki\/Keramika\"><font color=\"#0000FF\"><font color=\"#000000\">kerami\u010dni<\/font><\/font><\/a>&nbsp;in&nbsp;<a href=\"http:\/\/sl.wikipedia.org\/wiki\/Steklo\"><font color=\"#0000FF\"><font color=\"#000000\">stekleni izdelki<\/font><\/font><\/a>. Med kovinskimi predmeti je bilo najve\u010d \u017eeleznih ukrivljenih&nbsp;<a href=\"http:\/\/sl.wikipedia.org\/wiki\/No%C5%BE\"><font color=\"#0000FF\"><font color=\"#000000\">no\u017eev<\/font><\/font><\/a>&nbsp;z ko\u0161\u010denimi ro\u010daji. Grobovi so iz 1. in 2. stoletja<\/font><\/p>\n<p><font style=\"font-family: Verdana; font-size: 16px;\"><b>V 10. stoletju so se pri\u010deli naseljevati SLOVENCI<\/b>, ki so pri\u0161li v te kraje po dolenjskem kra\u0161kem toku.<\/font><\/p>\n<p><font style=\"font-family: Verdana; font-size: 16px;\">Ob prometni cesti, ohranjeni \u0161e iz rimskih \u010dasov, se je \u017ee zgodaj razvilo ve\u010dje naselje, iz katerega se je razvila naselbina,&nbsp;<b>kasneje trg s tr\u0161kimi pravicami (v 12. stoletju).<\/b>&nbsp;Prebivalci so si izbrali svoj grb&nbsp;\uf0e0cerkev v \u0161tirioglatem polju. V za\u010detku se je naselbina imenovala Cerkvica \u2013 po cerkvi, ki je bila edina v tem kraju zgrajena \u017ee v 9. stoletju. Pozneje se je trg preimenoval v Cerknico. Cerkev je takrat stala \u017ee na dana\u0161njem mestu, do\u010dim je prva stala v pol ure oddaljenem Vi\u0161evku.<\/font><\/p>\n<p><i style=\"font-family: Verdana; font-size: 16px;\">Prebivalstvo so zadele razne nesre\u010de: kobilice, potres, kuga, Turki, \u010darovni\u0161tvo, roparji, \u010drne koze, \u0161krlatinke, hude zime, lakota \u2026<\/i><\/p>\n<p><span style=\"font-family: Verdana; font-size: 16px;\">V preteklosti so se Cerkni\u010dani ukvarjali s trgovino in obrtjo, predvsem trgovanje s soljo, ki so jo preva\u017eali prek Lo\u017ea in Meni\u0161ije proti Ljubljani.<\/span><\/p>\n<p><span style=\"font-family: Verdana; font-size: 16px;\">Cerkni\u010dani so bili najprej podlo\u017eniki Oglejskih patriarhov, od 10. stoletja dalje pa so pripadali gra\u0161\u010dini Haasberg pri Planini.<\/span><\/p>\n<p><font style=\"font-family: Verdana; font-size: 16px;\">Tudi v Cerknici so se pridru\u017eili velikemu kme\u010dkemu uporu leta 1515, se borili proti Francozom \u2026<\/font><\/p>\n<p><font style=\"font-family: Verdana; font-size: 16px;\">Da so bili Cerkni\u010dani vedno narodno-zavedni, nam pri\u010da tudi veliki tabor v Cerknici, ki je bil na trgu leta 1870. To je bil za vso okolico velik dogodek, ljudje pa so s tem politi\u010dnim dogodkom pokazali svojo pripadnost k slovenstvu. Ta se je kazala tudi kasneje v \u010dasu 1. in 2. svetovne vojne.<\/font><\/p>\n<p><font style=\"font-family: Verdana; font-size: 16px;\">Nedale\u010d od \u0161ole stoji kapelica, posve\u010dena Kraljici miru, ki je bila sezidana v spomin tistim, ki so se borili v prvi svetovni vojni.<\/font><\/p>\n<p><img loading=\"lazy\" width=\"202\" height=\"269\" alt=\"\" class=\"art-lightbox\" src=\"http:\/\/www.cerknisko-jezero.si\/wp-content\/uploads\/2019\/08\/Spomenik.jpg\" style=\" float: left; margin-left: 0px;\"><img loading=\"lazy\" width=\"229\" height=\"164\" alt=\"\" class=\"art-lightbox\" src=\"http:\/\/www.cerknisko-jezero.si\/wp-content\/uploads\/2019\/08\/Cerknica.jpg\" style=\" float: left; margin-left: 0px;\"><\/p>\n<p><font><font><font style=\"font-family: Verdana; font-size: 16px;\">Aprila<br \/>\n         1942 so ustanovili Notranjski odred, ki je bil eden ve\u010djih<br \/>\n         partizanskih enot na slovenskem ozemlju, in je veliko pripomogel k<br \/>\n         osvoboditvi Slovenije izpod okupatorja. Po njem je imenovana tudi<br \/>\n         osnovna \u0161ola v Cerknici.<\/font><\/font><\/font><\/p>\n<p><font><font style=\"font-family: Verdana; font-size: 16px;\"><br \/><\/font><\/font><\/p>\n<p style=\"text-align: right;\"><span style=\"font-style: italic;\"><span style=\"font-family: Verdana; font-size: 12px;\"><font><br \/><\/font><\/span><\/span><\/p>\n<p style=\"text-align: left;\"><span style=\"font-style: italic;\"><span style=\"font-family: Verdana; font-size: 12px;\"><font>V<br \/>\n         sredi\u0161\u010du Cerknice je<\/font> <font><font><b>spomenik<br \/>\n         NOB.<\/b><\/font><\/font><\/span><span style=\"font-size: 10px; font-family: Calibri, sans-serif;\">&nbsp;<\/span><\/span><\/p>\n<p><\/p>\n<\/p><\/div>\n<\/p><\/div>\n<\/div>\n","protected":false},"excerpt":{"rendered":"<p>ZEL\u0160KA CERKEV Cerkev v Zel\u0161ah je nastala v 17. stoletju (okoli leta 1680). Posebnost cerkve je tloris v obliki triperesne deteljice in zelo dobra akustika. V mesecu avgustu in septembru so tam pogosti koncerti, na katerih sodelujejo znani umetniki (npr. Irena Grafenauer). GRAD LO\u0160KO V neposredni bli\u017eini Cerknice je nekdaj stala gra\u0161\u010dina Lo\u0161ko, ki je [&hellip;]<\/p>\n","protected":false},"author":1,"featured_media":0,"parent":0,"menu_order":4,"comment_status":"closed","ping_status":"closed","template":"","meta":[],"_links":{"self":[{"href":"https:\/\/www.cerknisko-jezero.si\/index.php?rest_route=\/wp\/v2\/pages\/13214"}],"collection":[{"href":"https:\/\/www.cerknisko-jezero.si\/index.php?rest_route=\/wp\/v2\/pages"}],"about":[{"href":"https:\/\/www.cerknisko-jezero.si\/index.php?rest_route=\/wp\/v2\/types\/page"}],"author":[{"embeddable":true,"href":"https:\/\/www.cerknisko-jezero.si\/index.php?rest_route=\/wp\/v2\/users\/1"}],"replies":[{"embeddable":true,"href":"https:\/\/www.cerknisko-jezero.si\/index.php?rest_route=%2Fwp%2Fv2%2Fcomments&post=13214"}],"version-history":[{"count":0,"href":"https:\/\/www.cerknisko-jezero.si\/index.php?rest_route=\/wp\/v2\/pages\/13214\/revisions"}],"wp:attachment":[{"href":"https:\/\/www.cerknisko-jezero.si\/index.php?rest_route=%2Fwp%2Fv2%2Fmedia&parent=13214"}],"curies":[{"name":"wp","href":"https:\/\/api.w.org\/{rel}","templated":true}]}}