{"id":13213,"date":"2019-08-19T18:48:27","date_gmt":"2019-08-19T16:48:27","guid":{"rendered":"http:\/\/www.cerknisko-jezero.si\/v-medijih-2"},"modified":"2019-08-19T18:48:27","modified_gmt":"2019-08-19T16:48:27","slug":"v-medijih-2","status":"publish","type":"page","link":"https:\/\/www.cerknisko-jezero.si\/?page_id=13213","title":{"rendered":"V medijih"},"content":{"rendered":"<div class=\"art-content-layout\">\n<div class=\"art-content-layout-row responsive-layout-row-1\">\n<div class=\"art-layout-cell\">\n<p style=\"text-align: center;\">Slivni\u0161ki pogledi, februar 2019, str. 15. Prispevek o Bo\u017ei\u010dno-novoletnem dru\u017eenju.<\/p>\n<p style=\"text-align: center;\"><img loading=\"lazy\" width=\"425\" height=\"592\" style=\"border-top-style: solid; border-right-style: solid; border-bottom-style: solid; border-left-style: solid; \" alt=\"\" class=\"art-lightbox\" src=\"http:\/\/www.cerknisko-jezero.si\/wp-content\/uploads\/2019\/08\/Slivni\u0161ki-pogledi_49-15.jpg\">&nbsp;<\/p>\n<p style=\"text-align: center;\">Slivni\u0161ki pogledi, januar 2019, str. 21. Prispevek o \u017ee petem Pohodu \u0161tirih far.<img loading=\"lazy\" width=\"425\" height=\"599\" style=\"border-top-style: solid; border-right-style: solid; border-bottom-style: solid; border-left-style: solid;\" alt=\"\" class=\"art-lightbox\" src=\"http:\/\/www.cerknisko-jezero.si\/wp-content\/uploads\/2019\/08\/Slivni\u0161ki-pogledi-48-21.jpg\"><\/p>\n<p style=\"text-align: center;\">Slivni\u0161ki pogledi, marec 2018, str. 19. Prispevek o pustnem rajanju v Cerknici.<\/p>\n<p style=\"text-align: center;\"><img loading=\"lazy\" width=\"425\" height=\"636\" style=\"border-top-style: solid; border-right-style: solid; border-bottom-style: solid; border-left-style: solid;\" alt=\"\" class=\"art-lightbox\" src=\"http:\/\/www.cerknisko-jezero.si\/wp-content\/uploads\/2019\/08\/Slivni\u0161ki-pogledi_39-19.jpg\"><\/p>\n<p style=\"text-align: center;\">Slivni\u0161ki pogledi o pohodu od \u0160teberka do Karlovce, oktober 2016<\/p>\n<p style=\"text-align: center;\"><img loading=\"lazy\" width=\"345\" height=\"548\" alt=\"\" class=\"art-lightbox\" src=\"http:\/\/www.cerknisko-jezero.si\/wp-content\/uploads\/2019\/08\/Pohod_2_1.jpg\" style=\"margin-top: 0px; margin-right: 0px; margin-bottom: 0px; margin-left: 0px; \"><\/p>\n<p style=\"text-align: center;\">Notranjsko-Primorske novice (celoten \u010dlanek si lahko preberete na&nbsp;<a href=\"http:\/\/notranjskoprimorske.si\/2016\/09\/na-pohodu-so-spoznavali-zgodovino-in-zanimivosti-krajev-ob-cerkniskem-jezeru\/\" style=\"color: rgb(63, 93, 39);\">tej povezavi<\/a>), 14. september 2016<\/p>\n<p style=\"text-align: center;\"><img loading=\"lazy\" width=\"710\" height=\"749\" alt=\"\" class=\"art-lightbox\" src=\"http:\/\/www.cerknisko-jezero.si\/wp-content\/uploads\/2019\/08\/Pohod-2_1.jpg\" style=\"margin-top: 0px; margin-right: 0px; margin-bottom: 0px; margin-left: 0px;\"><\/p>\n<p style=\"text-align: center;\">O na\u0161ih aktivnostih so se razpisali tudi v Notranjskih novicah<\/p>\n<p style=\"text-align: center;\"><img loading=\"lazy\" width=\"794\" height=\"492\" alt=\"\" class=\"art-lightbox\" src=\"http:\/\/www.cerknisko-jezero.si\/wp-content\/uploads\/2019\/08\/10959750_1537244456546873_2374301475069458019_n_1.jpg\" style=\"margin-top: 0px; margin-right: 0px; margin-bottom: 0px; margin-left: 0px;\"><\/p>\n<\/div>\n<\/div>\n<\/div>\n<div class=\"art-content-layout\">\n<div class=\"art-content-layout-row responsive-layout-row-1\">\n<div class=\"art-layout-cell\" style=\"width: 100%\"><\/div>\n<\/div>\n<\/div>\n","protected":false},"excerpt":{"rendered":"<p>Slivni\u0161ki pogledi, februar 2019, str. 15. Prispevek o Bo\u017ei\u010dno-novoletnem dru\u017eenju. &nbsp; Slivni\u0161ki pogledi, januar 2019, str. 21. Prispevek o \u017ee petem Pohodu \u0161tirih far. Slivni\u0161ki pogledi, marec 2018, str. 19. Prispevek o pustnem rajanju v Cerknici. Slivni\u0161ki pogledi o pohodu od \u0160teberka do Karlovce, oktober 2016 Notranjsko-Primorske novice (celoten \u010dlanek si lahko preberete na&nbsp;tej povezavi), [&hellip;]<\/p>\n","protected":false},"author":1,"featured_media":0,"parent":0,"menu_order":3,"comment_status":"closed","ping_status":"closed","template":"","meta":[],"_links":{"self":[{"href":"https:\/\/www.cerknisko-jezero.si\/index.php?rest_route=\/wp\/v2\/pages\/13213"}],"collection":[{"href":"https:\/\/www.cerknisko-jezero.si\/index.php?rest_route=\/wp\/v2\/pages"}],"about":[{"href":"https:\/\/www.cerknisko-jezero.si\/index.php?rest_route=\/wp\/v2\/types\/page"}],"author":[{"embeddable":true,"href":"https:\/\/www.cerknisko-jezero.si\/index.php?rest_route=\/wp\/v2\/users\/1"}],"replies":[{"embeddable":true,"href":"https:\/\/www.cerknisko-jezero.si\/index.php?rest_route=%2Fwp%2Fv2%2Fcomments&post=13213"}],"version-history":[{"count":0,"href":"https:\/\/www.cerknisko-jezero.si\/index.php?rest_route=\/wp\/v2\/pages\/13213\/revisions"}],"wp:attachment":[{"href":"https:\/\/www.cerknisko-jezero.si\/index.php?rest_route=%2Fwp%2Fv2%2Fmedia&parent=13213"}],"curies":[{"name":"wp","href":"https:\/\/api.w.org\/{rel}","templated":true}]}}